{"id":2141,"date":"2022-05-25T11:35:18","date_gmt":"2022-05-25T11:35:18","guid":{"rendered":"https:\/\/repos.turkuaz-grup.com\/tr\/?page_id=2141"},"modified":"2023-10-31T12:27:05","modified_gmt":"2023-10-31T12:27:05","slug":"gun-basi-ve-sonu-nasil-kullanir","status":"publish","type":"page","link":"https:\/\/repos.turkuaz-grup.com\/tr\/repos-yardim-merkezi\/gun-basi-ve-sonu-nasil-kullanir\/","title":{"rendered":"G\u00fcn ba\u015f\u0131 ve sonu nas\u0131l kullan\u0131r?"},"content":{"rendered":"\n<p>Bu sayfada g\u00fcn ba\u015f\u0131 ve g\u00fcn sonu sisteminin nas\u0131l \u00e7al\u0131\u015ft\u0131\u011f\u0131n\u0131 anlat\u0131r.<\/p>\n\n\n\n<p>ADIMLAR:<\/p>\n\n\n\n<p>1- RePOS&#8217;a <strong>Y\u00f6netici<\/strong> veya <strong>Kasa kullan\u0131c\u0131s\u0131<\/strong> ile giri\u015f yap\u0131l\u0131r. Bu anlat\u0131mda <strong>Y\u00f6netici Kullan\u0131c\u0131s\u0131<\/strong> kullan\u0131lm\u0131\u015ft\u0131r.<\/p>\n\n\n<div class=\"wp-block-image\">\n<figure class=\"aligncenter size-large is-resized\"><img loading=\"lazy\" src=\"https:\/\/repos.turkuaz-grup.com\/tr\/wp-content\/uploads\/sites\/4\/2022\/08\/IMAGE-5-2-473x1024.jpeg\" alt=\"\" class=\"wp-image-2393\" width=\"355\" height=\"768\" srcset=\"https:\/\/repos.turkuaz-grup.com\/tr\/wp-content\/uploads\/sites\/4\/2022\/08\/IMAGE-5-2-473x1024.jpeg 473w, https:\/\/repos.turkuaz-grup.com\/tr\/wp-content\/uploads\/sites\/4\/2022\/08\/IMAGE-5-2-138x300.jpeg 138w, https:\/\/repos.turkuaz-grup.com\/tr\/wp-content\/uploads\/sites\/4\/2022\/08\/IMAGE-5-2-768x1664.jpeg 768w, https:\/\/repos.turkuaz-grup.com\/tr\/wp-content\/uploads\/sites\/4\/2022\/08\/IMAGE-5-2-709x1536.jpeg 709w, https:\/\/repos.turkuaz-grup.com\/tr\/wp-content\/uploads\/sites\/4\/2022\/08\/IMAGE-5-2-28x60.jpeg 28w, https:\/\/repos.turkuaz-grup.com\/tr\/wp-content\/uploads\/sites\/4\/2022\/08\/IMAGE-5-2.jpeg 945w\" sizes=\"(max-width: 355px) 100vw, 355px\" \/><\/figure><\/div>\n\n\n<p>2- <strong>Y\u00f6netici Kullan\u0131c\u0131s\u0131<\/strong> ile giri\u015f yap\u0131ld\u0131ktan sonra sol \u00fcst s\u00fcrg\u00fcl\u00fc k\u0131s\u0131mdan <strong>Kasiyer Men\u00fcleri<\/strong> b\u00f6l\u00fcm\u00fc alt\u0131ndaki <strong>G\u00fcn Ba\u015f\u0131<\/strong> (<strong>uygulama ilk defa kurulmu\u015f ise G\u00fcn Ba\u015f\u0131 yap\u0131l\u0131p sipari\u015f al\u0131nmaya ba\u015flan\u0131r<\/strong>) sekmesine giri\u015f yap\u0131l\u0131r.<\/p>\n\n\n<div class=\"wp-block-image\">\n<figure class=\"aligncenter size-large is-resized\"><img loading=\"lazy\" src=\"https:\/\/repos.turkuaz-grup.com\/tr\/wp-content\/uploads\/sites\/4\/2022\/08\/IMAGE-6-2-473x1024.jpeg\" alt=\"\" class=\"wp-image-2394\" width=\"355\" height=\"768\" srcset=\"https:\/\/repos.turkuaz-grup.com\/tr\/wp-content\/uploads\/sites\/4\/2022\/08\/IMAGE-6-2-473x1024.jpeg 473w, https:\/\/repos.turkuaz-grup.com\/tr\/wp-content\/uploads\/sites\/4\/2022\/08\/IMAGE-6-2-138x300.jpeg 138w, https:\/\/repos.turkuaz-grup.com\/tr\/wp-content\/uploads\/sites\/4\/2022\/08\/IMAGE-6-2-768x1664.jpeg 768w, https:\/\/repos.turkuaz-grup.com\/tr\/wp-content\/uploads\/sites\/4\/2022\/08\/IMAGE-6-2-709x1536.jpeg 709w, https:\/\/repos.turkuaz-grup.com\/tr\/wp-content\/uploads\/sites\/4\/2022\/08\/IMAGE-6-2-28x60.jpeg 28w, https:\/\/repos.turkuaz-grup.com\/tr\/wp-content\/uploads\/sites\/4\/2022\/08\/IMAGE-6-2.jpeg 945w\" sizes=\"(max-width: 355px) 100vw, 355px\" \/><\/figure><\/div>\n\n<div class=\"wp-block-image\">\n<figure class=\"aligncenter size-large is-resized\"><img loading=\"lazy\" src=\"https:\/\/repos.turkuaz-grup.com\/tr\/wp-content\/uploads\/sites\/4\/2022\/08\/IMAGE-7-3-473x1024.jpeg\" alt=\"\" class=\"wp-image-2396\" width=\"355\" height=\"768\" srcset=\"https:\/\/repos.turkuaz-grup.com\/tr\/wp-content\/uploads\/sites\/4\/2022\/08\/IMAGE-7-3-473x1024.jpeg 473w, https:\/\/repos.turkuaz-grup.com\/tr\/wp-content\/uploads\/sites\/4\/2022\/08\/IMAGE-7-3-138x300.jpeg 138w, https:\/\/repos.turkuaz-grup.com\/tr\/wp-content\/uploads\/sites\/4\/2022\/08\/IMAGE-7-3-768x1664.jpeg 768w, https:\/\/repos.turkuaz-grup.com\/tr\/wp-content\/uploads\/sites\/4\/2022\/08\/IMAGE-7-3-709x1536.jpeg 709w, https:\/\/repos.turkuaz-grup.com\/tr\/wp-content\/uploads\/sites\/4\/2022\/08\/IMAGE-7-3-28x60.jpeg 28w, https:\/\/repos.turkuaz-grup.com\/tr\/wp-content\/uploads\/sites\/4\/2022\/08\/IMAGE-7-3.jpeg 945w\" sizes=\"(max-width: 355px) 100vw, 355px\" \/><\/figure><\/div>\n\n\n<p>3- Kasa kapat\u0131l\u0131p, hesap toplanaca\u011f\u0131 zaman <strong>G\u00fcn Sonu<\/strong> yap\u0131l\u0131r.<\/p>\n\n\n<div class=\"wp-block-image\">\n<figure class=\"aligncenter size-large is-resized\"><img loading=\"lazy\" src=\"https:\/\/repos.turkuaz-grup.com\/tr\/wp-content\/uploads\/sites\/4\/2022\/08\/IMAGE-8-3-473x1024.jpeg\" alt=\"\" class=\"wp-image-2397\" width=\"355\" height=\"768\" srcset=\"https:\/\/repos.turkuaz-grup.com\/tr\/wp-content\/uploads\/sites\/4\/2022\/08\/IMAGE-8-3-473x1024.jpeg 473w, https:\/\/repos.turkuaz-grup.com\/tr\/wp-content\/uploads\/sites\/4\/2022\/08\/IMAGE-8-3-138x300.jpeg 138w, https:\/\/repos.turkuaz-grup.com\/tr\/wp-content\/uploads\/sites\/4\/2022\/08\/IMAGE-8-3-768x1664.jpeg 768w, https:\/\/repos.turkuaz-grup.com\/tr\/wp-content\/uploads\/sites\/4\/2022\/08\/IMAGE-8-3-709x1536.jpeg 709w, https:\/\/repos.turkuaz-grup.com\/tr\/wp-content\/uploads\/sites\/4\/2022\/08\/IMAGE-8-3-28x60.jpeg 28w, https:\/\/repos.turkuaz-grup.com\/tr\/wp-content\/uploads\/sites\/4\/2022\/08\/IMAGE-8-3.jpeg 945w\" sizes=\"(max-width: 355px) 100vw, 355px\" \/><\/figure><\/div>\n\n<div class=\"wp-block-image\">\n<figure class=\"aligncenter size-large is-resized\"><img loading=\"lazy\" src=\"https:\/\/repos.turkuaz-grup.com\/tr\/wp-content\/uploads\/sites\/4\/2022\/08\/IMAGE-9-1-473x1024.jpeg\" alt=\"\" class=\"wp-image-2398\" width=\"355\" height=\"768\" srcset=\"https:\/\/repos.turkuaz-grup.com\/tr\/wp-content\/uploads\/sites\/4\/2022\/08\/IMAGE-9-1-473x1024.jpeg 473w, https:\/\/repos.turkuaz-grup.com\/tr\/wp-content\/uploads\/sites\/4\/2022\/08\/IMAGE-9-1-138x300.jpeg 138w, https:\/\/repos.turkuaz-grup.com\/tr\/wp-content\/uploads\/sites\/4\/2022\/08\/IMAGE-9-1-768x1664.jpeg 768w, https:\/\/repos.turkuaz-grup.com\/tr\/wp-content\/uploads\/sites\/4\/2022\/08\/IMAGE-9-1-709x1536.jpeg 709w, https:\/\/repos.turkuaz-grup.com\/tr\/wp-content\/uploads\/sites\/4\/2022\/08\/IMAGE-9-1-28x60.jpeg 28w, https:\/\/repos.turkuaz-grup.com\/tr\/wp-content\/uploads\/sites\/4\/2022\/08\/IMAGE-9-1.jpeg 945w\" sizes=\"(max-width: 355px) 100vw, 355px\" \/><\/figure><\/div>\n\n\n<p>5- <strong>G\u00fcn Ba\u015f\u0131<\/strong> ve <strong>G\u00fcn Sonu<\/strong> i\u015flemi ba\u015far\u0131 ile tamamlan\u0131r.<\/p>\n\n\n\n<div style=\"height:100px\" aria-hidden=\"true\" class=\"wp-block-spacer\"><\/div>\n\n\n\n<p>Yard\u0131m ile ilgili videomuzu buradan izleyebilirsiniz.<\/p>\n\n\n\n<figure class=\"wp-block-embed is-type-video is-provider-youtube wp-block-embed-youtube wp-embed-aspect-16-9 wp-has-aspect-ratio\"><div class=\"wp-block-embed__wrapper\">\n<iframe loading=\"lazy\" title=\"G\u00fcn Ba\u015f\u0131 ve G\u00fcn Sonu nas\u0131l kullan\u0131r?\" width=\"770\" height=\"433\" src=\"https:\/\/www.youtube.com\/embed\/NrLEjSj0oDk?feature=oembed\" frameborder=\"0\" allow=\"accelerometer; autoplay; clipboard-write; encrypted-media; gyroscope; picture-in-picture; web-share\" allowfullscreen><\/iframe>\n<\/div><\/figure>\n","protected":false},"excerpt":{"rendered":"<p>Bu sayfada g\u00fcn ba\u015f\u0131 ve g\u00fcn sonu sisteminin nas\u0131l \u00e7al\u0131\u015ft\u0131\u011f\u0131n\u0131 &hellip; <\/p>\n","protected":false},"author":1,"featured_media":0,"parent":1871,"menu_order":0,"comment_status":"closed","ping_status":"closed","template":"","meta":[],"_links":{"self":[{"href":"https:\/\/repos.turkuaz-grup.com\/tr\/wp-json\/wp\/v2\/pages\/2141"}],"collection":[{"href":"https:\/\/repos.turkuaz-grup.com\/tr\/wp-json\/wp\/v2\/pages"}],"about":[{"href":"https:\/\/repos.turkuaz-grup.com\/tr\/wp-json\/wp\/v2\/types\/page"}],"author":[{"embeddable":true,"href":"https:\/\/repos.turkuaz-grup.com\/tr\/wp-json\/wp\/v2\/users\/1"}],"replies":[{"embeddable":true,"href":"https:\/\/repos.turkuaz-grup.com\/tr\/wp-json\/wp\/v2\/comments?post=2141"}],"version-history":[{"count":5,"href":"https:\/\/repos.turkuaz-grup.com\/tr\/wp-json\/wp\/v2\/pages\/2141\/revisions"}],"predecessor-version":[{"id":2976,"href":"https:\/\/repos.turkuaz-grup.com\/tr\/wp-json\/wp\/v2\/pages\/2141\/revisions\/2976"}],"up":[{"embeddable":true,"href":"https:\/\/repos.turkuaz-grup.com\/tr\/wp-json\/wp\/v2\/pages\/1871"}],"wp:attachment":[{"href":"https:\/\/repos.turkuaz-grup.com\/tr\/wp-json\/wp\/v2\/media?parent=2141"}],"curies":[{"name":"wp","href":"https:\/\/api.w.org\/{rel}","templated":true}]}}