{"id":2144,"date":"2022-05-25T11:36:44","date_gmt":"2022-05-25T11:36:44","guid":{"rendered":"https:\/\/repos.turkuaz-grup.com\/tr\/?page_id=2144"},"modified":"2023-10-31T12:57:06","modified_gmt":"2023-10-31T12:57:06","slug":"yeni-masa-nasil-eklenir","status":"publish","type":"page","link":"https:\/\/repos.turkuaz-grup.com\/tr\/repos-yardim-merkezi\/yeni-masa-nasil-eklenir\/","title":{"rendered":"Yeni masa nas\u0131l eklenir?"},"content":{"rendered":"\n<p>Bu sayfada yeni masa eklemenin nas\u0131l yap\u0131laca\u011f\u0131n\u0131 anlatacakt\u0131r.<\/p>\n\n\n\n<p>ADIMLAR:<\/p>\n\n\n\n<figure class=\"wp-block-image is-resized\"><img loading=\"lazy\" src=\"https:\/\/lh3.googleusercontent.com\/N1TLprsMBOD-7N8a5XRoJm4ke-Qcff7bZ2TRyLMUMLE3NVzkLRFc42J-F90VS1a5muKkXaJTOUZDrEMLQM_UqJYDGScSwFoDc6y82ekF6gKYbjCDgNY_5yBJi7rUp8AJ4R4jPk750r7EBJJhSQ\" alt=\"\" width=\"450\" height=\"800\"\/><\/figure>\n\n\n\n<p>1- Y\u00f6netici kullan\u0131c\u0131s\u0131 se\u00e7ilir.<\/p>\n\n\n\n<figure class=\"wp-block-image is-resized\"><img loading=\"lazy\" src=\"https:\/\/lh5.googleusercontent.com\/gG9y_UfiEM0MRphFLyQ9AEzMK7Gt5bNN2qOoq3xNomAg6oPCZFfTth6XSsTvGj97QC15eON0PSchdEEsnNN1KYU011bnLS_uX0zHblfORulHOq_fxtYoHE6kfOZMzTeFyR-9j8yxJXxnJ88fHw\" alt=\"\" width=\"450\" height=\"800\"\/><\/figure>\n\n\n\n<p>2- Soldaki s\u00fcrg\u00fcl\u00fc men\u00fcden Masa Y\u00f6netimi sekmesine dokunulur.<\/p>\n\n\n\n<figure class=\"wp-block-image is-resized\"><img loading=\"lazy\" src=\"https:\/\/lh5.googleusercontent.com\/ZjvageYhEl7Ky7d4ek43asDkB0zLrV6YbJYEf8EkraQvnngqxkQyZW8Sj30FmZxB4wMbIS9kj_CI7QPUbgqViSVqT_4O6Akd6Z0FJmN5QiC20aHsUHRFNdUIs-0-D4AgX18tFJTk--Ui5n2fTg\" alt=\"\" width=\"450\" height=\"800\"\/><\/figure>\n\n\n\n<figure class=\"wp-block-image is-resized\"><img loading=\"lazy\" src=\"https:\/\/lh5.googleusercontent.com\/dPiNevFlPcTPC6d_cjD8JO7i5aIssKXZ83A-Zz5G4bwV6OC2l1cKZVy6alUBaf_rwEBHE_nsoQ121HgONCu-68IhLe9nQTd3iHdI8E75qGAWuijKDTlQ4iSYnPBTCjp5D08g0PhaW9Hm4fTmFA\" alt=\"\" width=\"450\" height=\"800\"\/><\/figure>\n\n\n\n<p>3- Masa kategorisi eklenecekse sa\u011f \u00fcstte bulunan ayar simgesine dokunulur. \u00c7\u0131kan men\u00fcde kategori ekleme i\u015flemi yap\u0131l\u0131r.<\/p>\n\n\n\n<figure class=\"wp-block-image is-resized\"><img loading=\"lazy\" src=\"https:\/\/lh6.googleusercontent.com\/hqAv2iGmhgcPUvgXUsHlWkcuta6bxVeBO8j_QqAAJNKg5ljcI-FvWbDhaGBrV4Ugtc2GJ8xYkx60Nkvev-agJARbN65_i4VrRcJT70qJ2kD2ruXhAq8li-Hmz9drVRcGFTF782RVHPruXPfL5A\" alt=\"\" width=\"450\" height=\"800\"\/><\/figure>\n\n\n\n<p>4- Alt k\u0131s\u0131mdaki masa ekleme alan\u0131na dokunulur.<\/p>\n\n\n\n<figure class=\"wp-block-image is-resized\"><img loading=\"lazy\" src=\"https:\/\/lh3.googleusercontent.com\/v_O9Ip1c6ujC0iBlkM64hGRaZWRKs8WCmBDozFUsLQ9MukvWxlqhtvQiJFUDQiFDchViHu63sPc-BsEgvM1wyOF_qbF9dWP7Ba4NQACOAYDRjsIT5fvRb2fHl9IEuWu9_1YOGUTrayharyUyIg\" alt=\"\" width=\"450\" height=\"800\"\/><\/figure>\n\n\n\n<figure class=\"wp-block-image is-resized\"><img loading=\"lazy\" src=\"https:\/\/lh3.googleusercontent.com\/DYtpK0LgFo2s5cf6bC9PlL0qF7w2o8im24xQH7sX0_ubr3jN--GqNWdUQUEpo0LUZ8g5lChzNEooDfKLS_Lgqgjt6kurp12M8ie3jhcbf1vWPHuQLIYOPwYUE-B75NegO_QqzlE9iwMzjRs4qQ\" alt=\"\" width=\"450\" height=\"800\"\/><\/figure>\n\n\n\n<p>5- Masa ad\u0131, kategorisi ve masan\u0131n ka\u00e7 ki\u015fi oldu\u011fu vb i\u00e7eren masa bilgisi yaz\u0131l\u0131p ekleye bas\u0131larak masa ekleme i\u015flemi tamamlanm\u0131\u015f olur.<\/p>\n\n\n\n<div style=\"height:100px\" aria-hidden=\"true\" class=\"wp-block-spacer\"><\/div>\n\n\n\n<p>Yard\u0131m ile ilgili videomuzu buradan izleyebilirsiniz.<\/p>\n\n\n\n<figure class=\"wp-block-embed is-type-video is-provider-youtube wp-block-embed-youtube wp-embed-aspect-16-9 wp-has-aspect-ratio\"><div class=\"wp-block-embed__wrapper\">\n<iframe loading=\"lazy\" title=\"Yeni masa nas\u0131l eklenir?\" width=\"770\" height=\"433\" src=\"https:\/\/www.youtube.com\/embed\/Tz-rmXwnFAY?feature=oembed\" frameborder=\"0\" allow=\"accelerometer; autoplay; clipboard-write; encrypted-media; gyroscope; picture-in-picture; web-share\" allowfullscreen><\/iframe>\n<\/div><\/figure>\n","protected":false},"excerpt":{"rendered":"<p>Bu sayfada yeni masa eklemenin nas\u0131l yap\u0131laca\u011f\u0131n\u0131 anlatacakt\u0131r. ADIMLAR: 1- &hellip; <\/p>\n","protected":false},"author":1,"featured_media":0,"parent":1871,"menu_order":0,"comment_status":"closed","ping_status":"closed","template":"","meta":[],"_links":{"self":[{"href":"https:\/\/repos.turkuaz-grup.com\/tr\/wp-json\/wp\/v2\/pages\/2144"}],"collection":[{"href":"https:\/\/repos.turkuaz-grup.com\/tr\/wp-json\/wp\/v2\/pages"}],"about":[{"href":"https:\/\/repos.turkuaz-grup.com\/tr\/wp-json\/wp\/v2\/types\/page"}],"author":[{"embeddable":true,"href":"https:\/\/repos.turkuaz-grup.com\/tr\/wp-json\/wp\/v2\/users\/1"}],"replies":[{"embeddable":true,"href":"https:\/\/repos.turkuaz-grup.com\/tr\/wp-json\/wp\/v2\/comments?post=2144"}],"version-history":[{"count":3,"href":"https:\/\/repos.turkuaz-grup.com\/tr\/wp-json\/wp\/v2\/pages\/2144\/revisions"}],"predecessor-version":[{"id":3014,"href":"https:\/\/repos.turkuaz-grup.com\/tr\/wp-json\/wp\/v2\/pages\/2144\/revisions\/3014"}],"up":[{"embeddable":true,"href":"https:\/\/repos.turkuaz-grup.com\/tr\/wp-json\/wp\/v2\/pages\/1871"}],"wp:attachment":[{"href":"https:\/\/repos.turkuaz-grup.com\/tr\/wp-json\/wp\/v2\/media?parent=2144"}],"curies":[{"name":"wp","href":"https:\/\/api.w.org\/{rel}","templated":true}]}}