{"id":2151,"date":"2022-05-25T11:39:17","date_gmt":"2022-05-25T11:39:17","guid":{"rendered":"https:\/\/repos.turkuaz-grup.com\/tr\/?page_id=2151"},"modified":"2023-10-31T12:51:33","modified_gmt":"2023-10-31T12:51:33","slug":"sorun-oneri-nasil-bildirilir","status":"publish","type":"page","link":"https:\/\/repos.turkuaz-grup.com\/tr\/repos-yardim-merkezi\/sorun-oneri-nasil-bildirilir\/","title":{"rendered":"Sorun\/\u00d6neri nas\u0131l bildirilir?"},"content":{"rendered":"\n<p>Bu sayfada sorun ve \u00f6neri bildiriminin nas\u0131l yap\u0131ld\u0131\u011f\u0131n\u0131 anlatacakt\u0131r.<\/p>\n\n\n\n<p>ADIMLAR:<\/p>\n\n\n\n<p>1- RePOS uygulamas\u0131na giri\u015f yapt\u0131ktan sonra b\u00fct\u00fcn sayfalarda g\u00f6z\u00fcken sa\u011f \u00fcstteki <strong>\u00dc\u00e7 Noktaya<\/strong> dokunulur ve <strong>Sorun\/\u00d6neri Bildir (e-posta)<\/strong> sekmesine dokunulur.<\/p>\n\n\n<div class=\"wp-block-image\">\n<figure class=\"aligncenter is-resized\"><img loading=\"lazy\" src=\"https:\/\/lh6.googleusercontent.com\/aVhWg9c57-zv1NmBeo6YbS4pX4xx77DSLM8tWl_FIVxb8wBNWYSpfIBc9-Oaa1ctdTzjpiIra-wU1x-C_-vEyHk8Mfz75YU6sJzwMApeECyypBGviwqcnYXoxF42UuQin__EO0ej1q_o4lRgRQ\" alt=\"\" width=\"355\" height=\"768\"\/><\/figure><\/div>\n\n\n<p>2- A\u00e7\u0131lan pencerede bize ula\u015ft\u0131rmak istedi\u011finiz <strong>Mesaj<\/strong> yaz\u0131l\u0131r ve <strong>Tamam butonu<\/strong>na dokunulur.<\/p>\n\n\n<div class=\"wp-block-image\">\n<figure class=\"aligncenter is-resized\"><img loading=\"lazy\" src=\"https:\/\/lh5.googleusercontent.com\/le59eEQaRXVN3AAQZPfppiChKZ9qDmpHHIezbbaePItth-RFg1Cz9FdACBIOmLhAWwWA8r1X6QusTPDguCW_sPaf_olLWicEyQgTm89qAgmVIiy4nN6jctKnU9OIJvyR96J0-b1-VS8_83e5tA\" alt=\"\" width=\"355\" height=\"768\"\/><\/figure><\/div>\n\n\n<p>3- Mail uygulaman\u0131z otomatik a\u00e7\u0131l\u0131r ve mail g\u00f6nderilir.<\/p>\n\n\n<div class=\"wp-block-image\">\n<figure class=\"aligncenter is-resized\"><img loading=\"lazy\" src=\"https:\/\/lh5.googleusercontent.com\/Q_mE5Q4p4vV0Le895u5Axwvn7yq_51sIXhwvmMfvOx6J_bEuJp8IUv4K-3GegCVD1L0XTF6-N6IpPOStdQfxLMXPi0WTHm5zK6vsgeT-0SdgZyDS4w2djh0-k0AGATDazOCXHpsvFv0feM5O9A\" alt=\"\" width=\"355\" height=\"768\"\/><\/figure><\/div>\n\n\n<div style=\"height:100px\" aria-hidden=\"true\" class=\"wp-block-spacer\"><\/div>\n\n\n\n<p>Yard\u0131m ile ilgili videomuzu buradan izleyebilirsiniz.<\/p>\n\n\n\n<figure class=\"wp-block-embed is-type-video is-provider-youtube wp-block-embed-youtube wp-embed-aspect-16-9 wp-has-aspect-ratio\"><div class=\"wp-block-embed__wrapper\">\n<iframe loading=\"lazy\" title=\"Sorun\/\u00d6neri nas\u0131l bildirilir?\" width=\"770\" height=\"433\" src=\"https:\/\/www.youtube.com\/embed\/1ik-zZNj4fE?feature=oembed\" frameborder=\"0\" allow=\"accelerometer; autoplay; clipboard-write; encrypted-media; gyroscope; picture-in-picture; web-share\" allowfullscreen><\/iframe>\n<\/div><\/figure>\n","protected":false},"excerpt":{"rendered":"<p>Bu sayfada sorun ve \u00f6neri bildiriminin nas\u0131l yap\u0131ld\u0131\u011f\u0131n\u0131 anlatacakt\u0131r. ADIMLAR: &hellip; <\/p>\n","protected":false},"author":1,"featured_media":0,"parent":1871,"menu_order":0,"comment_status":"closed","ping_status":"closed","template":"","meta":[],"_links":{"self":[{"href":"https:\/\/repos.turkuaz-grup.com\/tr\/wp-json\/wp\/v2\/pages\/2151"}],"collection":[{"href":"https:\/\/repos.turkuaz-grup.com\/tr\/wp-json\/wp\/v2\/pages"}],"about":[{"href":"https:\/\/repos.turkuaz-grup.com\/tr\/wp-json\/wp\/v2\/types\/page"}],"author":[{"embeddable":true,"href":"https:\/\/repos.turkuaz-grup.com\/tr\/wp-json\/wp\/v2\/users\/1"}],"replies":[{"embeddable":true,"href":"https:\/\/repos.turkuaz-grup.com\/tr\/wp-json\/wp\/v2\/comments?post=2151"}],"version-history":[{"count":4,"href":"https:\/\/repos.turkuaz-grup.com\/tr\/wp-json\/wp\/v2\/pages\/2151\/revisions"}],"predecessor-version":[{"id":3003,"href":"https:\/\/repos.turkuaz-grup.com\/tr\/wp-json\/wp\/v2\/pages\/2151\/revisions\/3003"}],"up":[{"embeddable":true,"href":"https:\/\/repos.turkuaz-grup.com\/tr\/wp-json\/wp\/v2\/pages\/1871"}],"wp:attachment":[{"href":"https:\/\/repos.turkuaz-grup.com\/tr\/wp-json\/wp\/v2\/media?parent=2151"}],"curies":[{"name":"wp","href":"https:\/\/api.w.org\/{rel}","templated":true}]}}