{"id":2162,"date":"2022-05-25T11:50:05","date_gmt":"2022-05-25T11:50:05","guid":{"rendered":"https:\/\/repos.turkuaz-grup.com\/tr\/?page_id=2162"},"modified":"2023-10-31T12:55:00","modified_gmt":"2023-10-31T12:55:00","slug":"uygulama-yedegi-nasil-alinir-ve-geri-yuklenir","status":"publish","type":"page","link":"https:\/\/repos.turkuaz-grup.com\/tr\/repos-yardim-merkezi\/uygulama-yedegi-nasil-alinir-ve-geri-yuklenir\/","title":{"rendered":"Uygulama Yede\u011fi Nas\u0131l Al\u0131n\u0131r ve Geri Y\u00fcklenir?"},"content":{"rendered":"\n<p>Bu sayfada uygulama verilerinin nas\u0131l yedeklenece\u011fi ve geri y\u00fcklenece\u011fi anlatacakt\u0131r.<\/p>\n\n\n\n<p>ADIMLAR:<\/p>\n\n\n\n<figure class=\"wp-block-image is-resized\"><img loading=\"lazy\" src=\"https:\/\/lh6.googleusercontent.com\/CMhLP2pwfcnLLfrm-nnx8cqF8wqTcQD4npXA640khnM0unL40QAnrUCXVeHBmhE98fDQLG6_gpd-JsahpxYI1he8v90SMQ5PHhaqaxngsblj7C7zMmuinzk_jwo4lPW6gCx_5zCQRLQSGcFxHQ\" alt=\"\" width=\"450\" height=\"800\"\/><\/figure>\n\n\n\n<p>1- Y\u00f6netici alan\u0131na giri\u015f yap\u0131l\u0131r.<\/p>\n\n\n\n<figure class=\"wp-block-image is-resized\"><img loading=\"lazy\" src=\"https:\/\/lh6.googleusercontent.com\/O1eU3hXN0bWsyQuf096mQX_Ro21Q5LMNsKvFrMnKHfKWbDMtz47GcZbCPe-8D4Ldf_AORf30mJEQMpYhs6-ccPWF34BcmxCn0KXpMsU8eH8n7hok0cHJ3NSZzA92dWsz_TDzRG2954_HgrbQ9Q\" alt=\"\" width=\"450\" height=\"800\"\/><\/figure>\n\n\n\n<p>2- Soldaki s\u00fcrg\u00fcl\u00fc men\u00fcden veritaban\u0131 y\u00f6netimi sekmesine girilir.<\/p>\n\n\n\n<figure class=\"wp-block-image is-resized\"><img loading=\"lazy\" src=\"https:\/\/lh6.googleusercontent.com\/_pi_HU6sICtB0N4cZvCvY3iPndDv2Khbfr3t0q7Pcu0Kiq3_Oo7kabKB76zYFv6rxdgUfkaGtQDvu-o9-bugVd-NUlJPPrhA03HGyMQ6O_3Nn0bLb0Fn_z6CIDftlC3n6j5a8d15cM26MqDy8A\" alt=\"\" width=\"450\" height=\"800\"\/><\/figure>\n\n\n\n<p>3- Yedeklemek i\u00e7in Yedek Al butonuna dokunulur.<\/p>\n\n\n\n<figure class=\"wp-block-image is-resized\"><img loading=\"lazy\" src=\"https:\/\/lh6.googleusercontent.com\/_pi_HU6sICtB0N4cZvCvY3iPndDv2Khbfr3t0q7Pcu0Kiq3_Oo7kabKB76zYFv6rxdgUfkaGtQDvu-o9-bugVd-NUlJPPrhA03HGyMQ6O_3Nn0bLb0Fn_z6CIDftlC3n6j5a8d15cM26MqDy8A\" alt=\"\" width=\"450\" height=\"800\"\/><\/figure>\n\n\n\n<p>4- Yede\u011fi geri y\u00fcklemek i\u00e7in Yedekten Geri Y\u00fckle butonuna dokunulur.<\/p>\n\n\n\n<figure class=\"wp-block-image is-resized\"><img loading=\"lazy\" src=\"https:\/\/lh3.googleusercontent.com\/bOO3eoUJ5OfzySSB0tC3zNtxQEbRuIODBzLfxKhCW41KNJpJskuEhndmnvw78a28FfsxJUGRLBRwfZIqQAes0X0Kqf98qebo-Ccprzr2-Zk8bf0lzLs-Ih6FqudLnxSGV1RlaZoutXTuUZEgbA\" alt=\"\" width=\"450\" height=\"800\"\/><\/figure>\n\n\n\n<p>5- Dosya y\u00f6neticisi arac\u0131l\u0131\u011f\u0131yla uygulama klas\u00f6r\u00fc a\u00e7\u0131l\u0131r.<\/p>\n\n\n\n<figure class=\"wp-block-image is-resized\"><img loading=\"lazy\" src=\"https:\/\/lh4.googleusercontent.com\/v8gokioFYpJL4JTqIpuK1PweeIeSO6go2Kp0TWMEAEQvuQeN5jMRi1JUPFtzShiLHJ2PfEboYKQ2DP0lowj6R7jNip0OMJ5h1_oWxWKKeNv0ShuTqEfYaSJzOj3LwGY7jlrQafWGmmgwApuG0g\" alt=\"\" width=\"450\" height=\"800\"\/><\/figure>\n\n\n\n<figure class=\"wp-block-image is-resized\"><img loading=\"lazy\" src=\"https:\/\/lh4.googleusercontent.com\/Z5w2o4qTpDx8_ZZSeNVfwnyfyWnjePTARxylWaFTrmcEomxZEPG9I0lGT0N7gN6Hb8Gj5e8YGkZrIJgMDIfjFqL_co42Jq36uBs4pIzaugjkgIHb40RPAUMm_6ErQRRZ1VhOJq5Xdl5YAMdRSQ\" alt=\"\" width=\"450\" height=\"800\"\/><\/figure>\n\n\n\n<p>6- Klas\u00f6rdeki DatabaseBackup Klas\u00f6r\u00fcnden yedek dosyas\u0131 se\u00e7ilir.<\/p>\n\n\n\n<figure class=\"wp-block-image is-resized\"><img loading=\"lazy\" src=\"https:\/\/lh4.googleusercontent.com\/gADEjicsVq_PpNYIoz3z-y77de4hXEpACbb57Bfpcgzri_XYv7ILQQ1aftS1qMm6e599RdH3_LtWBDw0FM3rvtk0PbZ_jgZO_DQ1OBVQlGWlKdy9-XTQ6KNf9sPJOxNVQR2A8dycm43QAk7Ojg\" alt=\"\" width=\"450\" height=\"800\"\/><\/figure>\n\n\n\n<p>7- Y\u00fcklemek i\u00e7in onayla butonuna bas\u0131l\u0131r ve i\u015flem tamamlan\u0131r.<\/p>\n\n\n\n<div style=\"height:100px\" aria-hidden=\"true\" class=\"wp-block-spacer\"><\/div>\n\n\n\n<p>Yard\u0131m ile ilgili videomuzu buradan izleyebilirsiniz.<\/p>\n\n\n\n<figure class=\"wp-block-embed is-type-video is-provider-youtube wp-block-embed-youtube wp-embed-aspect-16-9 wp-has-aspect-ratio\"><div class=\"wp-block-embed__wrapper\">\n<iframe loading=\"lazy\" title=\"Uygulama Yede\u011fi Nas\u0131l Al\u0131n\u0131r ve Geri Y\u00fcklenir?\" width=\"770\" height=\"433\" src=\"https:\/\/www.youtube.com\/embed\/8NMta_T5iXY?feature=oembed\" frameborder=\"0\" allow=\"accelerometer; autoplay; clipboard-write; encrypted-media; gyroscope; picture-in-picture; web-share\" allowfullscreen><\/iframe>\n<\/div><\/figure>\n","protected":false},"excerpt":{"rendered":"<p>Bu sayfada uygulama verilerinin nas\u0131l yedeklenece\u011fi ve geri y\u00fcklenece\u011fi anlatacakt\u0131r. &hellip; <\/p>\n","protected":false},"author":1,"featured_media":0,"parent":1871,"menu_order":0,"comment_status":"closed","ping_status":"closed","template":"","meta":[],"_links":{"self":[{"href":"https:\/\/repos.turkuaz-grup.com\/tr\/wp-json\/wp\/v2\/pages\/2162"}],"collection":[{"href":"https:\/\/repos.turkuaz-grup.com\/tr\/wp-json\/wp\/v2\/pages"}],"about":[{"href":"https:\/\/repos.turkuaz-grup.com\/tr\/wp-json\/wp\/v2\/types\/page"}],"author":[{"embeddable":true,"href":"https:\/\/repos.turkuaz-grup.com\/tr\/wp-json\/wp\/v2\/users\/1"}],"replies":[{"embeddable":true,"href":"https:\/\/repos.turkuaz-grup.com\/tr\/wp-json\/wp\/v2\/comments?post=2162"}],"version-history":[{"count":3,"href":"https:\/\/repos.turkuaz-grup.com\/tr\/wp-json\/wp\/v2\/pages\/2162\/revisions"}],"predecessor-version":[{"id":3010,"href":"https:\/\/repos.turkuaz-grup.com\/tr\/wp-json\/wp\/v2\/pages\/2162\/revisions\/3010"}],"up":[{"embeddable":true,"href":"https:\/\/repos.turkuaz-grup.com\/tr\/wp-json\/wp\/v2\/pages\/1871"}],"wp:attachment":[{"href":"https:\/\/repos.turkuaz-grup.com\/tr\/wp-json\/wp\/v2\/media?parent=2162"}],"curies":[{"name":"wp","href":"https:\/\/api.w.org\/{rel}","templated":true}]}}