{"id":2169,"date":"2022-05-25T11:53:26","date_gmt":"2022-05-25T11:53:26","guid":{"rendered":"https:\/\/repos.turkuaz-grup.com\/tr\/?page_id=2169"},"modified":"2023-10-31T12:52:26","modified_gmt":"2023-10-31T12:52:26","slug":"terazi-entegrasyonu-nasil-yapilir-ve-kullanilir","status":"publish","type":"page","link":"https:\/\/repos.turkuaz-grup.com\/tr\/repos-yardim-merkezi\/terazi-entegrasyonu-nasil-yapilir-ve-kullanilir\/","title":{"rendered":"Terazi entegrasyonu nas\u0131l yap\u0131l\u0131r ve kullan\u0131l\u0131r?"},"content":{"rendered":"\n<p>Bu video uygulamada terazi entegrasyonunun nas\u0131l kullan\u0131ld\u0131\u011f\u0131n\u0131 anlatmakt\u0131r.<\/p>\n\n\n\n<p>ADIMLAR:<\/p>\n\n\n\n<figure class=\"wp-block-image\"><img src=\"https:\/\/lh5.googleusercontent.com\/zk1T1KE9xYcwrgk69QJ_wOUEZ6oQVBO3lCPwonnUj1ykK4NrrYOEk52I1me94Y1nrzYvTPrErtCNzi_CJClwKVJYmeHa-ttCHXBdxjmTRTt2csf-x4VF8xAvTeD2rawOU0XYVZz7r7C2O_mh7A\" alt=\"\"\/><\/figure>\n\n\n\n<p>1- Android ekranl\u0131 bir terazi sisteminde uygulama kurulur.<\/p>\n\n\n\n<figure class=\"wp-block-image\"><img src=\"https:\/\/lh4.googleusercontent.com\/O4vhvV-9azr4x6QQelbHb31tuJcpCplNLCrx_tKb8ixuostHDFsHEPCqQC91hMIMmGiBWYuCe1M5CQ3A1gwEbzaSMPsqwz49vCPXkBKPLBFnYYBp4axgQh4WVMZL-h3mtwOcmt3UDzIi3hFqcA\" alt=\"\"\/><\/figure>\n\n\n\n<p>2- Terazi sistemini kullanmak i\u00e7in uygulamaya kasa kullan\u0131c\u0131s\u0131 giri\u015fi yap\u0131l\u0131r.<\/p>\n\n\n\n<figure class=\"wp-block-image\"><img src=\"https:\/\/lh6.googleusercontent.com\/kByYLlycjUySN4oxBMfZIpH3WugBYW6X0mH2GXoqcLFI26Gwehr0fQETQC2VkljYYvQQL7CqLavT7r2JWS_JSIRgqMuKD0uiobHEMuYW2Vbry2Z-rBwsrtkNEKQqfuLbkmhC0ceLwC0L7w3hVQ\" alt=\"\"\/><\/figure>\n\n\n\n<p>3- Kasa Ayarlar\u0131 sekmesine dokunulur.<\/p>\n\n\n\n<figure class=\"wp-block-image\"><img src=\"https:\/\/lh4.googleusercontent.com\/-hvopciRKxL1oOiF6nZ4yActY4GjRi9ivr1moNn2g8Mr0I8W7KxttV4vrTJU5ko2lZqL4SzGQazXwBZyykg1pJkYUU99gbFQEWW2PVyf_O9jPNKpNDgEWhFYq_SNRCPLTULIDIg3wgYWMxPoTA\" alt=\"\"\/><\/figure>\n\n\n\n<p>4- Ayarlardan terazi entegrasyonu a\u00e7\u0131k olarak se\u00e7ilir.<\/p>\n\n\n\n<figure class=\"wp-block-image\"><img src=\"https:\/\/lh5.googleusercontent.com\/ERooK46_E-O3m0v5OoyVya64IDdk849lhdrmgR98lbagS3OdsnRYQmoVjop4qixiooV00jIHynSVXjdwUB2B4pBgggYQJKpB96rx9Ys1WVQloGAoyUCpgVylDUDcSyvY82sQUd4QZIyT4VzENA\" alt=\"\"\/><\/figure>\n\n\n\n<p>5- Ba\u011fl\u0131 oldu\u011funuz cihaz se\u00e7ilir ve onaylan\u0131r.<\/p>\n\n\n\n<figure class=\"wp-block-image\"><img src=\"https:\/\/lh6.googleusercontent.com\/J5ZAF_LCBjzbO5AjS9V3BRPwlClSrvbzal3kYTj97ZeFk9OzJyPNiXaLcXdoasAKbExFYMzR0HapyzwYBADrl2n136ioLPjFKkbAw1BZtNGvH4mzO19_CNMAp-o5WRclWYrrzJZlVXrtqpca_A\" alt=\"\"\/><\/figure>\n\n\n\n<p>6- Uygulamada h\u0131zl\u0131 sat\u0131\u015f b\u00f6l\u00fcm\u00fc a\u00e7\u0131l\u0131r.<\/p>\n\n\n\n<figure class=\"wp-block-image\"><img src=\"https:\/\/lh3.googleusercontent.com\/So6zuBztCkgg4LwXUPI5kU3S-iZIoLMW_XuJtzMx_K4tm6iXRrPUjH3qCyc9tBeXAwLqLmxiE0SpWJUY0bvCex1aijtZ55kNMM08Z9ESqlUprzjiRvZnSEv5TVk1cMkeKXgl5HhowC52QUasQA\" alt=\"\"\/><\/figure>\n\n\n\n<p>7- Tart\u0131larak sat\u0131lacak \u00fcr\u00fcn se\u00e7ilir ve \u00fcr\u00fcn adet bar\u0131 alt\u0131nda bulunan terazi butonuna dokunulur.<\/p>\n\n\n\n<figure class=\"wp-block-image\"><img src=\"https:\/\/lh5.googleusercontent.com\/fwc2WQwkegGQ6rUwAwYcivUycce1RK-aLKaWjnanzFCRpYOaSkEjaV-xCQV1IWf9TfN0Uhbakr7EFrXHUTVUT5MO4FCGJccQxvDjtMeqPJKVqux0YD7zN-Vn3LNAMTGeJi6oWkGaPWOIuh5QGQ\" alt=\"\"\/><\/figure>\n\n\n\n<p>8- Bu s\u0131rada \u00fcr\u00fcn teraziye b\u0131rak\u0131l\u0131r ve tart\u0131l\u0131r. Tart\u0131lan miktar uygulamada otomatik olarak g\u00f6r\u00fcn\u00fcr.<\/p>\n\n\n\n<figure class=\"wp-block-image\"><img src=\"https:\/\/lh4.googleusercontent.com\/RK0RyNSU-WBOTT7ZsoNywwogwHKepDgn5AXyHC_RyNEtLHLInBOdTBp5PrOsGhvd_QToB44sY3uahyff3T8Mgu8eSXDWi6TMasIfMxpsJwS_n_y9rGYVWLz3rjFrK4ENDEcisImgsFEKd9rSbA\" alt=\"\"\/><\/figure>\n\n\n\n<p>9- Tamam butonuna bas\u0131l\u0131r ve \u00fcr\u00fcn fiyat\u0131 tart\u0131lan grama g\u00f6re otomatik olarak sipari\u015f \u00f6zetine d\u00fc\u015fer.<\/p>\n\n\n\n<figure class=\"wp-block-image\"><img src=\"https:\/\/lh4.googleusercontent.com\/oC6CZE1xdXTBoaLq3gqtdh4TPXUlv-ktbASlaAVV6LHROGmlU5OZeBEwORqoO46jolgKmttWC0-jcnvUpLn7lmpxKb8Nu0QsQ_jJefI8b4xi4WBX_DfcvnQvyZ61kxNHMVXHnbncq9ONQ9Y_Hg\" alt=\"\"\/><\/figure>\n\n\n\n<p>10- \u00d6deme ve tamam butonuna basarak \u00fcr\u00fcn sat\u0131\u015f\u0131 tamamlan\u0131r.<\/p>\n\n\n\n<div style=\"height:100px\" aria-hidden=\"true\" class=\"wp-block-spacer\"><\/div>\n\n\n\n<p>Yard\u0131m ile ilgili videomuzu buradan izleyebilirsiniz.<\/p>\n\n\n\n<figure class=\"wp-block-embed is-type-video is-provider-youtube wp-block-embed-youtube wp-embed-aspect-16-9 wp-has-aspect-ratio\"><div class=\"wp-block-embed__wrapper\">\n<iframe loading=\"lazy\" title=\"Android Terazi Sistem Entegrasyonu Nas\u0131l Kullan\u0131l\u0131r?\" width=\"770\" height=\"433\" src=\"https:\/\/www.youtube.com\/embed\/vcXacZ5igRM?feature=oembed\" frameborder=\"0\" allow=\"accelerometer; autoplay; clipboard-write; encrypted-media; gyroscope; picture-in-picture; web-share\" allowfullscreen><\/iframe>\n<\/div><\/figure>\n","protected":false},"excerpt":{"rendered":"<p>Bu video uygulamada terazi entegrasyonunun nas\u0131l kullan\u0131ld\u0131\u011f\u0131n\u0131 anlatmakt\u0131r. ADIMLAR: 1- &hellip; <\/p>\n","protected":false},"author":1,"featured_media":0,"parent":1871,"menu_order":0,"comment_status":"closed","ping_status":"closed","template":"","meta":[],"_links":{"self":[{"href":"https:\/\/repos.turkuaz-grup.com\/tr\/wp-json\/wp\/v2\/pages\/2169"}],"collection":[{"href":"https:\/\/repos.turkuaz-grup.com\/tr\/wp-json\/wp\/v2\/pages"}],"about":[{"href":"https:\/\/repos.turkuaz-grup.com\/tr\/wp-json\/wp\/v2\/types\/page"}],"author":[{"embeddable":true,"href":"https:\/\/repos.turkuaz-grup.com\/tr\/wp-json\/wp\/v2\/users\/1"}],"replies":[{"embeddable":true,"href":"https:\/\/repos.turkuaz-grup.com\/tr\/wp-json\/wp\/v2\/comments?post=2169"}],"version-history":[{"count":3,"href":"https:\/\/repos.turkuaz-grup.com\/tr\/wp-json\/wp\/v2\/pages\/2169\/revisions"}],"predecessor-version":[{"id":3005,"href":"https:\/\/repos.turkuaz-grup.com\/tr\/wp-json\/wp\/v2\/pages\/2169\/revisions\/3005"}],"up":[{"embeddable":true,"href":"https:\/\/repos.turkuaz-grup.com\/tr\/wp-json\/wp\/v2\/pages\/1871"}],"wp:attachment":[{"href":"https:\/\/repos.turkuaz-grup.com\/tr\/wp-json\/wp\/v2\/media?parent=2169"}],"curies":[{"name":"wp","href":"https:\/\/api.w.org\/{rel}","templated":true}]}}