{"id":2209,"date":"2022-05-25T12:07:31","date_gmt":"2022-05-25T12:07:31","guid":{"rendered":"https:\/\/repos.turkuaz-grup.com\/tr\/?page_id=2209"},"modified":"2023-10-31T12:56:38","modified_gmt":"2023-10-31T12:56:38","slug":"vergi-nasil-eklenir","status":"publish","type":"page","link":"https:\/\/repos.turkuaz-grup.com\/tr\/repos-yardim-merkezi\/vergi-nasil-eklenir\/","title":{"rendered":"Vergi nas\u0131l eklenir?"},"content":{"rendered":"\n<p>Bu sayfada sat\u0131\u015f vergisinin nas\u0131l eklenece\u011fi ve d\u00fczenlenece\u011fi anlat\u0131lacakt\u0131r.<\/p>\n\n\n\n<p>ADIMLAR:&nbsp;<\/p>\n\n\n\n<figure class=\"wp-block-image is-resized\"><img loading=\"lazy\" src=\"https:\/\/lh5.googleusercontent.com\/crDcXSQUKLyhBPazM_zBJB-hsEC7DnY0hwKze46UyhYeVN7_jYXlEMszVrw2oaMiM768gH_2sCiPNADhM2tDB4dj00CfTqbuyJ-znR9ICbNLrSNt2iJ3bFfbku5Jl_-56JSpPVMXzBZhUUWa8Q\" alt=\"\" width=\"450\" height=\"800\"\/><\/figure>\n\n\n\n<p>1- Kasa kullan\u0131c\u0131s\u0131 alan\u0131ndan giri\u015f yap\u0131l\u0131r.<\/p>\n\n\n\n<figure class=\"wp-block-image is-resized\"><img loading=\"lazy\" src=\"https:\/\/lh4.googleusercontent.com\/7z5lMTFPmmnPrQs2ELxLXa03GoSQM2J4PnC7bwi5i0e7R2tLAGHxmAswWxtsx0fCleNBex2582yLlRrHhhcRGHdrcXbdfjhSE_9NfWOlohw2UMHDp_onNEaeDg475Ku-WGV2184n1ysnzl2cBA\" alt=\"\" width=\"450\" height=\"800\"\/><\/figure>\n\n\n\n<p>2- Soldaki s\u00fcrg\u00fcl\u00fc men\u00fcden Kasa Ayarlar\u0131 sekmesine dokunulur.<\/p>\n\n\n\n<figure class=\"wp-block-image is-resized\"><img loading=\"lazy\" src=\"https:\/\/lh3.googleusercontent.com\/b_6iJj7lthJhCOUYGM3B6fkpc7whaWvvqjcAge4Ly8y4Ks04KgfoSULu1QWUVrJ7kBCHQBZS3EvZ6lcrEUGZ7JXIv_W0E1upJT6Zu4TbwWrNA3-Sf8SDDdAUCIOBuA8ewF8n78npCEKSw4TaBg\" alt=\"\" width=\"450\" height=\"800\"\/><\/figure>\n\n\n\n<p>3- Sat\u0131\u015f Vergisi Ayarlar\u0131\u2019nda sat\u0131\u015f vergisi kullan\u0131ma a\u00e7\u0131k olarak i\u015faretlenir.<\/p>\n\n\n\n<figure class=\"wp-block-image is-resized\"><img loading=\"lazy\" src=\"https:\/\/lh5.googleusercontent.com\/M4Frnkmvok56Dg9cj9j0CFMuisCFwZC0osgiPUkCk31KJsXdtrmTZ_Q3GaCcXpLoM_qBT89L27j9l_AV-1WAdA-UzpmJthCAbSimyxu3BqTRGvi0PtYpcFIfY3lB6e7-N1-utiAwNWVKym0mhA\" alt=\"\" width=\"450\" height=\"800\"\/><\/figure>\n\n\n\n<p>4- Vergi eklemek i\u00e7in EKLE butonuna dokunulur.<\/p>\n\n\n\n<figure class=\"wp-block-image is-resized\"><img loading=\"lazy\" src=\"https:\/\/lh4.googleusercontent.com\/f3MNsYv_j39QtTDIS5axeRckBTVWuORF-r12k4mzU5CsFdZ2XzDcThf8t8med0nqCSLD9KT-mDd6r9Q_4UZA_YaTo9mLHZqKdhs-44pXoioTTZOwgyMFenle4n36Oiirndq8RTrvG5Fut9E7Cg\" alt=\"\" width=\"450\" height=\"800\"\/><\/figure>\n\n\n\n<p>5- Vergi Ad\u0131 ve Oran\u0131 yaz\u0131l\u0131r. EKLE butonuna dokunulur.<\/p>\n\n\n\n<figure class=\"wp-block-image is-resized\"><img loading=\"lazy\" src=\"https:\/\/lh6.googleusercontent.com\/N2aFV_dXRXMB6QYnqx9GYeTq6tYfvCzj_9CXSYi7khEjTAmKsKktHg7Z7elYrssdeZIE201pHGGJe2S53f0y-z31sqFpXbEqY4l_F5toy8cblrqCJeS6-p5Tw_kr55H0dDwqoIV-yLTjcxwOIA\" alt=\"\" width=\"450\" height=\"800\"\/><\/figure>\n\n\n\n<figure class=\"wp-block-image is-resized\"><img loading=\"lazy\" src=\"https:\/\/lh6.googleusercontent.com\/y977rOQlFsdT0dUb1Z_sdxOjFm3VqsX0_7IfvK9nbo1nYTejQgdJG1Ol3wUj9Qe1I_KXbpDJVQvTBb4w4Iiq5Es7JWFQgd1vL_lcGYiFSsePN3H69HDiZgYTPWDAmraQeK_kLhTfcCnGhSsznQ\" alt=\"\" width=\"450\" height=\"800\"\/><\/figure>\n\n\n\n<p>6- Varsay\u0131lan vergi se\u00e7ilir.<\/p>\n\n\n\n<figure class=\"wp-block-image is-resized\"><img loading=\"lazy\" src=\"https:\/\/lh3.googleusercontent.com\/-1u30ikFRDsrIP2wjCHyngUvxHg0Vp9VAVs_upGmpgD1N3esEQrKn6uPd65hyzdJni8uFUtwgny3hAQQyuguVImTOkk8qxVSdn1y0tMkpSaWyUfJZHqf3ZxHQWmdEiGmUk1iEtEzv0luc4mxFQ\" alt=\"\" width=\"450\" height=\"800\"\/><\/figure>\n\n\n\n<p>7- Verginin sat\u0131\u015f s\u0131ras\u0131nda otomatik eklenmesi i\u00e7in ilgili ayar a\u00e7\u0131l\u0131r.<\/p>\n\n\n\n<figure class=\"wp-block-image is-resized\"><img loading=\"lazy\" src=\"https:\/\/lh6.googleusercontent.com\/SICPNoM4nlcXgK2mKP_6de873K3XvGfDwID8lY1NcGBZrbXMNWwlQG5rY-KkUn9vvXSMxacbvbcF5QLnlh-US7xZEvLNdp1rQ7X7DYto16U4Nta2J6NfFVf9-3kooZYkx2xr_kVKQm-Xv-156Q\" alt=\"\" width=\"450\" height=\"800\"\/><\/figure>\n\n\n\n<p>8-Verginin sat\u0131\u015f s\u0131ras\u0131nda kald\u0131r\u0131lmas\u0131 ilgili ayar a\u00e7\u0131larak engellenebilir.<\/p>\n\n\n\n<div style=\"height:100px\" aria-hidden=\"true\" class=\"wp-block-spacer\"><\/div>\n\n\n\n<p>Yard\u0131m ile ilgili videomuzu buradan izleyebilirsiniz.<\/p>\n\n\n\n<figure class=\"wp-block-embed is-type-video is-provider-youtube wp-block-embed-youtube wp-embed-aspect-16-9 wp-has-aspect-ratio\"><div class=\"wp-block-embed__wrapper\">\n<iframe loading=\"lazy\" title=\"Vergi nas\u0131l eklenir ve vergi nas\u0131l kullan\u0131l\u0131r?\" width=\"770\" height=\"433\" src=\"https:\/\/www.youtube.com\/embed\/To0FUDBEF4E?feature=oembed\" frameborder=\"0\" allow=\"accelerometer; autoplay; clipboard-write; encrypted-media; gyroscope; picture-in-picture; web-share\" allowfullscreen><\/iframe>\n<\/div><\/figure>\n","protected":false},"excerpt":{"rendered":"<p>Bu sayfada sat\u0131\u015f vergisinin nas\u0131l eklenece\u011fi ve d\u00fczenlenece\u011fi anlat\u0131lacakt\u0131r. ADIMLAR:&nbsp; &hellip; <\/p>\n","protected":false},"author":1,"featured_media":0,"parent":1871,"menu_order":0,"comment_status":"closed","ping_status":"closed","template":"","meta":[],"_links":{"self":[{"href":"https:\/\/repos.turkuaz-grup.com\/tr\/wp-json\/wp\/v2\/pages\/2209"}],"collection":[{"href":"https:\/\/repos.turkuaz-grup.com\/tr\/wp-json\/wp\/v2\/pages"}],"about":[{"href":"https:\/\/repos.turkuaz-grup.com\/tr\/wp-json\/wp\/v2\/types\/page"}],"author":[{"embeddable":true,"href":"https:\/\/repos.turkuaz-grup.com\/tr\/wp-json\/wp\/v2\/users\/1"}],"replies":[{"embeddable":true,"href":"https:\/\/repos.turkuaz-grup.com\/tr\/wp-json\/wp\/v2\/comments?post=2209"}],"version-history":[{"count":3,"href":"https:\/\/repos.turkuaz-grup.com\/tr\/wp-json\/wp\/v2\/pages\/2209\/revisions"}],"predecessor-version":[{"id":3013,"href":"https:\/\/repos.turkuaz-grup.com\/tr\/wp-json\/wp\/v2\/pages\/2209\/revisions\/3013"}],"up":[{"embeddable":true,"href":"https:\/\/repos.turkuaz-grup.com\/tr\/wp-json\/wp\/v2\/pages\/1871"}],"wp:attachment":[{"href":"https:\/\/repos.turkuaz-grup.com\/tr\/wp-json\/wp\/v2\/media?parent=2209"}],"curies":[{"name":"wp","href":"https:\/\/api.w.org\/{rel}","templated":true}]}}