{"id":2211,"date":"2022-05-25T12:08:43","date_gmt":"2022-05-25T12:08:43","guid":{"rendered":"https:\/\/repos.turkuaz-grup.com\/tr\/?page_id=2211"},"modified":"2022-10-23T07:52:23","modified_gmt":"2022-10-23T07:52:23","slug":"gider-nasil-eklenir","status":"publish","type":"page","link":"https:\/\/repos.turkuaz-grup.com\/tr\/repos-yardim-merkezi\/gider-nasil-eklenir\/","title":{"rendered":"Gider nas\u0131l eklenir?"},"content":{"rendered":"\n<p>Bu sayfa Giderlerin nas\u0131l eklenece\u011fini g\u00f6stermektedir.<\/p>\n\n\n\n<p>ADIMLAR:<\/p>\n\n\n\n<p>1- RePOS&#8217;a <strong>Y\u00f6netici Kullan\u0131c\u0131s\u0131<\/strong> ile giri\u015f yap\u0131l\u0131r. Sol \u00fcst s\u00fcrg\u00fcl\u00fc alandan <strong>Kasiyer Men\u00fcleri<\/strong> b\u00f6l\u00fcm\u00fcnden <strong>Giderler<\/strong> sekmesine dokunulur.<\/p>\n\n\n<div class=\"wp-block-image\">\n<figure class=\"aligncenter size-large is-resized\"><img loading=\"lazy\" src=\"https:\/\/repos.turkuaz-grup.com\/tr\/wp-content\/uploads\/sites\/4\/2022\/08\/IMAGE-3-3-473x1024.jpeg\" alt=\"\" class=\"wp-image-2370\" width=\"355\" height=\"768\" srcset=\"https:\/\/repos.turkuaz-grup.com\/tr\/wp-content\/uploads\/sites\/4\/2022\/08\/IMAGE-3-3-473x1024.jpeg 473w, https:\/\/repos.turkuaz-grup.com\/tr\/wp-content\/uploads\/sites\/4\/2022\/08\/IMAGE-3-3-138x300.jpeg 138w, https:\/\/repos.turkuaz-grup.com\/tr\/wp-content\/uploads\/sites\/4\/2022\/08\/IMAGE-3-3-768x1664.jpeg 768w, https:\/\/repos.turkuaz-grup.com\/tr\/wp-content\/uploads\/sites\/4\/2022\/08\/IMAGE-3-3-709x1536.jpeg 709w, https:\/\/repos.turkuaz-grup.com\/tr\/wp-content\/uploads\/sites\/4\/2022\/08\/IMAGE-3-3-28x60.jpeg 28w, https:\/\/repos.turkuaz-grup.com\/tr\/wp-content\/uploads\/sites\/4\/2022\/08\/IMAGE-3-3.jpeg 945w\" sizes=\"(max-width: 355px) 100vw, 355px\" \/><\/figure><\/div>\n\n\n<p>2- <strong>Yeni Gider Eklemek \u0130\u00e7in Dokunun<\/strong> butonuna t\u0131klan\u0131r.<\/p>\n\n\n<div class=\"wp-block-image\">\n<figure class=\"aligncenter size-large is-resized\"><img loading=\"lazy\" src=\"https:\/\/repos.turkuaz-grup.com\/tr\/wp-content\/uploads\/sites\/4\/2022\/08\/IMAGE-4-1-473x1024.jpeg\" alt=\"\" class=\"wp-image-2371\" width=\"355\" height=\"768\" srcset=\"https:\/\/repos.turkuaz-grup.com\/tr\/wp-content\/uploads\/sites\/4\/2022\/08\/IMAGE-4-1-473x1024.jpeg 473w, https:\/\/repos.turkuaz-grup.com\/tr\/wp-content\/uploads\/sites\/4\/2022\/08\/IMAGE-4-1-138x300.jpeg 138w, https:\/\/repos.turkuaz-grup.com\/tr\/wp-content\/uploads\/sites\/4\/2022\/08\/IMAGE-4-1-768x1664.jpeg 768w, https:\/\/repos.turkuaz-grup.com\/tr\/wp-content\/uploads\/sites\/4\/2022\/08\/IMAGE-4-1-709x1536.jpeg 709w, https:\/\/repos.turkuaz-grup.com\/tr\/wp-content\/uploads\/sites\/4\/2022\/08\/IMAGE-4-1-28x60.jpeg 28w, https:\/\/repos.turkuaz-grup.com\/tr\/wp-content\/uploads\/sites\/4\/2022\/08\/IMAGE-4-1.jpeg 945w\" sizes=\"(max-width: 355px) 100vw, 355px\" \/><\/figure><\/div>\n\n\n<p>3- A\u00e7\u0131lan ekranda eklenecek <strong>Gider Bilgileri<\/strong> girilir. \u00d6denmi\u015f giderler \u00f6dendi olarak i\u015faretlenir. Daha sonra \u00f6denecek olan giderler i\u00e7in takvimden \u00f6deme tarihi se\u00e7ilir ve o tarihte \u00f6deme hat\u0131rlat\u0131l\u0131r. <\/p>\n\n\n<div class=\"wp-block-image\">\n<figure class=\"aligncenter size-large is-resized\"><img loading=\"lazy\" src=\"https:\/\/repos.turkuaz-grup.com\/tr\/wp-content\/uploads\/sites\/4\/2022\/08\/IMAGE-5-1-473x1024.jpeg\" alt=\"\" class=\"wp-image-2374\" width=\"355\" height=\"768\" srcset=\"https:\/\/repos.turkuaz-grup.com\/tr\/wp-content\/uploads\/sites\/4\/2022\/08\/IMAGE-5-1-473x1024.jpeg 473w, https:\/\/repos.turkuaz-grup.com\/tr\/wp-content\/uploads\/sites\/4\/2022\/08\/IMAGE-5-1-138x300.jpeg 138w, https:\/\/repos.turkuaz-grup.com\/tr\/wp-content\/uploads\/sites\/4\/2022\/08\/IMAGE-5-1-768x1664.jpeg 768w, https:\/\/repos.turkuaz-grup.com\/tr\/wp-content\/uploads\/sites\/4\/2022\/08\/IMAGE-5-1-709x1536.jpeg 709w, https:\/\/repos.turkuaz-grup.com\/tr\/wp-content\/uploads\/sites\/4\/2022\/08\/IMAGE-5-1-28x60.jpeg 28w, https:\/\/repos.turkuaz-grup.com\/tr\/wp-content\/uploads\/sites\/4\/2022\/08\/IMAGE-5-1.jpeg 945w\" sizes=\"(max-width: 355px) 100vw, 355px\" \/><\/figure><\/div>\n\n\n<p>4- <strong>Ekle<\/strong> butonuna dokunulur ve i\u015flem tamamlan\u0131r.<\/p>\n\n\n<div class=\"wp-block-image\">\n<figure class=\"aligncenter size-large is-resized\"><img loading=\"lazy\" src=\"https:\/\/repos.turkuaz-grup.com\/tr\/wp-content\/uploads\/sites\/4\/2022\/08\/IMAGE-6-1-473x1024.jpeg\" alt=\"\" class=\"wp-image-2373\" width=\"355\" height=\"768\" srcset=\"https:\/\/repos.turkuaz-grup.com\/tr\/wp-content\/uploads\/sites\/4\/2022\/08\/IMAGE-6-1-473x1024.jpeg 473w, https:\/\/repos.turkuaz-grup.com\/tr\/wp-content\/uploads\/sites\/4\/2022\/08\/IMAGE-6-1-138x300.jpeg 138w, https:\/\/repos.turkuaz-grup.com\/tr\/wp-content\/uploads\/sites\/4\/2022\/08\/IMAGE-6-1-768x1664.jpeg 768w, https:\/\/repos.turkuaz-grup.com\/tr\/wp-content\/uploads\/sites\/4\/2022\/08\/IMAGE-6-1-709x1536.jpeg 709w, https:\/\/repos.turkuaz-grup.com\/tr\/wp-content\/uploads\/sites\/4\/2022\/08\/IMAGE-6-1-28x60.jpeg 28w, https:\/\/repos.turkuaz-grup.com\/tr\/wp-content\/uploads\/sites\/4\/2022\/08\/IMAGE-6-1.jpeg 945w\" sizes=\"(max-width: 355px) 100vw, 355px\" \/><\/figure><\/div>\n\n\n<p>6- Giderlere filtre uygulayarak istenilen gideri g\u00f6r\u00fcnt\u00fclemek i\u00e7in sol alt k\u0131s\u0131mda bulunan <strong>Filtre Ayarlama<\/strong> butonuna dokunulur.<\/p>\n\n\n<div class=\"wp-block-image\">\n<figure class=\"aligncenter size-large is-resized\"><img loading=\"lazy\" src=\"https:\/\/repos.turkuaz-grup.com\/tr\/wp-content\/uploads\/sites\/4\/2022\/08\/IMAGE-7-1-473x1024.jpeg\" alt=\"\" class=\"wp-image-2375\" width=\"355\" height=\"768\" srcset=\"https:\/\/repos.turkuaz-grup.com\/tr\/wp-content\/uploads\/sites\/4\/2022\/08\/IMAGE-7-1-473x1024.jpeg 473w, https:\/\/repos.turkuaz-grup.com\/tr\/wp-content\/uploads\/sites\/4\/2022\/08\/IMAGE-7-1-138x300.jpeg 138w, https:\/\/repos.turkuaz-grup.com\/tr\/wp-content\/uploads\/sites\/4\/2022\/08\/IMAGE-7-1-768x1664.jpeg 768w, https:\/\/repos.turkuaz-grup.com\/tr\/wp-content\/uploads\/sites\/4\/2022\/08\/IMAGE-7-1-709x1536.jpeg 709w, https:\/\/repos.turkuaz-grup.com\/tr\/wp-content\/uploads\/sites\/4\/2022\/08\/IMAGE-7-1-28x60.jpeg 28w, https:\/\/repos.turkuaz-grup.com\/tr\/wp-content\/uploads\/sites\/4\/2022\/08\/IMAGE-7-1.jpeg 945w\" sizes=\"(max-width: 355px) 100vw, 355px\" \/><\/figure><\/div>\n\n\n<p>7- <strong>Filtre \u00f6zellikleri<\/strong> se\u00e7ilir. <strong>Kaydet<\/strong> butonuna dokunulur.<\/p>\n\n\n<div class=\"wp-block-image\">\n<figure class=\"aligncenter size-large is-resized\"><img loading=\"lazy\" src=\"https:\/\/repos.turkuaz-grup.com\/tr\/wp-content\/uploads\/sites\/4\/2022\/08\/IMAGE-8-2-473x1024.jpeg\" alt=\"\" class=\"wp-image-2377\" width=\"355\" height=\"768\" srcset=\"https:\/\/repos.turkuaz-grup.com\/tr\/wp-content\/uploads\/sites\/4\/2022\/08\/IMAGE-8-2-473x1024.jpeg 473w, https:\/\/repos.turkuaz-grup.com\/tr\/wp-content\/uploads\/sites\/4\/2022\/08\/IMAGE-8-2-138x300.jpeg 138w, https:\/\/repos.turkuaz-grup.com\/tr\/wp-content\/uploads\/sites\/4\/2022\/08\/IMAGE-8-2-768x1664.jpeg 768w, https:\/\/repos.turkuaz-grup.com\/tr\/wp-content\/uploads\/sites\/4\/2022\/08\/IMAGE-8-2-709x1536.jpeg 709w, https:\/\/repos.turkuaz-grup.com\/tr\/wp-content\/uploads\/sites\/4\/2022\/08\/IMAGE-8-2-28x60.jpeg 28w, https:\/\/repos.turkuaz-grup.com\/tr\/wp-content\/uploads\/sites\/4\/2022\/08\/IMAGE-8-2.jpeg 945w\" sizes=\"(max-width: 355px) 100vw, 355px\" \/><\/figure><\/div>\n\n\n<p>8- Filtre uygulan\u0131r ve giderler g\u00f6r\u00fcnt\u00fclenir.<\/p>\n\n\n<div class=\"wp-block-image\">\n<figure class=\"aligncenter size-large is-resized\"><img loading=\"lazy\" src=\"https:\/\/repos.turkuaz-grup.com\/tr\/wp-content\/uploads\/sites\/4\/2022\/08\/IMAGE-9-473x1024.jpeg\" alt=\"\" class=\"wp-image-2378\" width=\"355\" height=\"768\" srcset=\"https:\/\/repos.turkuaz-grup.com\/tr\/wp-content\/uploads\/sites\/4\/2022\/08\/IMAGE-9-473x1024.jpeg 473w, https:\/\/repos.turkuaz-grup.com\/tr\/wp-content\/uploads\/sites\/4\/2022\/08\/IMAGE-9-138x300.jpeg 138w, https:\/\/repos.turkuaz-grup.com\/tr\/wp-content\/uploads\/sites\/4\/2022\/08\/IMAGE-9-768x1664.jpeg 768w, https:\/\/repos.turkuaz-grup.com\/tr\/wp-content\/uploads\/sites\/4\/2022\/08\/IMAGE-9-709x1536.jpeg 709w, https:\/\/repos.turkuaz-grup.com\/tr\/wp-content\/uploads\/sites\/4\/2022\/08\/IMAGE-9-28x60.jpeg 28w, https:\/\/repos.turkuaz-grup.com\/tr\/wp-content\/uploads\/sites\/4\/2022\/08\/IMAGE-9.jpeg 945w\" sizes=\"(max-width: 355px) 100vw, 355px\" \/><\/figure><\/div>","protected":false},"excerpt":{"rendered":"<p>Bu sayfa Giderlerin nas\u0131l eklenece\u011fini g\u00f6stermektedir. ADIMLAR: 1- RePOS&#8217;a Y\u00f6netici &hellip; <\/p>\n","protected":false},"author":1,"featured_media":0,"parent":1871,"menu_order":0,"comment_status":"closed","ping_status":"closed","template":"","meta":[],"_links":{"self":[{"href":"https:\/\/repos.turkuaz-grup.com\/tr\/wp-json\/wp\/v2\/pages\/2211"}],"collection":[{"href":"https:\/\/repos.turkuaz-grup.com\/tr\/wp-json\/wp\/v2\/pages"}],"about":[{"href":"https:\/\/repos.turkuaz-grup.com\/tr\/wp-json\/wp\/v2\/types\/page"}],"author":[{"embeddable":true,"href":"https:\/\/repos.turkuaz-grup.com\/tr\/wp-json\/wp\/v2\/users\/1"}],"replies":[{"embeddable":true,"href":"https:\/\/repos.turkuaz-grup.com\/tr\/wp-json\/wp\/v2\/comments?post=2211"}],"version-history":[{"count":2,"href":"https:\/\/repos.turkuaz-grup.com\/tr\/wp-json\/wp\/v2\/pages\/2211\/revisions"}],"predecessor-version":[{"id":2379,"href":"https:\/\/repos.turkuaz-grup.com\/tr\/wp-json\/wp\/v2\/pages\/2211\/revisions\/2379"}],"up":[{"embeddable":true,"href":"https:\/\/repos.turkuaz-grup.com\/tr\/wp-json\/wp\/v2\/pages\/1871"}],"wp:attachment":[{"href":"https:\/\/repos.turkuaz-grup.com\/tr\/wp-json\/wp\/v2\/media?parent=2211"}],"curies":[{"name":"wp","href":"https:\/\/api.w.org\/{rel}","templated":true}]}}