{"id":2241,"date":"2022-05-25T12:36:45","date_gmt":"2022-05-25T12:36:45","guid":{"rendered":"https:\/\/repos.turkuaz-grup.com\/tr\/?page_id=2241"},"modified":"2023-10-31T12:37:44","modified_gmt":"2023-10-31T12:37:44","slug":"qr-kod-ile-nasil-siparis-alinir","status":"publish","type":"page","link":"https:\/\/repos.turkuaz-grup.com\/tr\/repos-yardim-merkezi\/qr-kod-ile-nasil-siparis-alinir\/","title":{"rendered":"QR KOD ile Nas\u0131l sipari\u015f al\u0131n\u0131r?"},"content":{"rendered":"\n<p>Bu videoda Repos ile masalara olu\u015fturulan&nbsp; QR kod men\u00fc arac\u0131l\u0131\u011f\u0131 ile m\u00fc\u015fterilerden nas\u0131l sipari\u015f al\u0131naca\u011f\u0131 anlat\u0131lmaktad\u0131r.<\/p>\n\n\n\n<div style=\"height:100px\" aria-hidden=\"true\" class=\"wp-block-spacer\"><\/div>\n\n\n\n<p>Yard\u0131m ile ilgili videomuzu buradan izleyebilirsiniz.<\/p>\n\n\n\n<figure class=\"wp-block-embed is-type-video is-provider-youtube wp-block-embed-youtube wp-embed-aspect-16-9 wp-has-aspect-ratio\"><div class=\"wp-block-embed__wrapper\">\n<iframe loading=\"lazy\" title=\"Repos ile Karekod Olu\u015fturma ve Karekod Kullan\u0131m\u0131\" width=\"770\" height=\"433\" src=\"https:\/\/www.youtube.com\/embed\/mWgQLsbTyiQ?feature=oembed\" frameborder=\"0\" allow=\"accelerometer; autoplay; clipboard-write; encrypted-media; gyroscope; picture-in-picture; web-share\" allowfullscreen><\/iframe>\n<\/div><\/figure>\n","protected":false},"excerpt":{"rendered":"<p>Bu videoda Repos ile masalara olu\u015fturulan&nbsp; QR kod men\u00fc arac\u0131l\u0131\u011f\u0131 &hellip; <\/p>\n","protected":false},"author":1,"featured_media":0,"parent":1871,"menu_order":0,"comment_status":"closed","ping_status":"closed","template":"","meta":[],"_links":{"self":[{"href":"https:\/\/repos.turkuaz-grup.com\/tr\/wp-json\/wp\/v2\/pages\/2241"}],"collection":[{"href":"https:\/\/repos.turkuaz-grup.com\/tr\/wp-json\/wp\/v2\/pages"}],"about":[{"href":"https:\/\/repos.turkuaz-grup.com\/tr\/wp-json\/wp\/v2\/types\/page"}],"author":[{"embeddable":true,"href":"https:\/\/repos.turkuaz-grup.com\/tr\/wp-json\/wp\/v2\/users\/1"}],"replies":[{"embeddable":true,"href":"https:\/\/repos.turkuaz-grup.com\/tr\/wp-json\/wp\/v2\/comments?post=2241"}],"version-history":[{"count":3,"href":"https:\/\/repos.turkuaz-grup.com\/tr\/wp-json\/wp\/v2\/pages\/2241\/revisions"}],"predecessor-version":[{"id":2993,"href":"https:\/\/repos.turkuaz-grup.com\/tr\/wp-json\/wp\/v2\/pages\/2241\/revisions\/2993"}],"up":[{"embeddable":true,"href":"https:\/\/repos.turkuaz-grup.com\/tr\/wp-json\/wp\/v2\/pages\/1871"}],"wp:attachment":[{"href":"https:\/\/repos.turkuaz-grup.com\/tr\/wp-json\/wp\/v2\/media?parent=2241"}],"curies":[{"name":"wp","href":"https:\/\/api.w.org\/{rel}","templated":true}]}}