{"id":2254,"date":"2022-05-25T12:52:15","date_gmt":"2022-05-25T12:52:15","guid":{"rendered":"https:\/\/repos.turkuaz-grup.com\/tr\/?page_id=2254"},"modified":"2023-10-31T12:36:14","modified_gmt":"2023-10-31T12:36:14","slug":"para-girisi-nasil-yapilir","status":"publish","type":"page","link":"https:\/\/repos.turkuaz-grup.com\/tr\/repos-yardim-merkezi\/para-girisi-nasil-yapilir\/","title":{"rendered":"Para Giri\u015fi nas\u0131l yap\u0131l\u0131r?"},"content":{"rendered":"\n<p>Bu sayfa sat\u0131\u015f s\u0131ras\u0131nda katalog haricinde para giri\u015finin nas\u0131l yap\u0131laca\u011f\u0131n\u0131 anlat\u0131r.<\/p>\n\n\n\n<p>ADIMLAR:<\/p>\n\n\n\n<p>1- <strong>RePOS<\/strong> uygulamas\u0131na <strong>Kasa<\/strong> veya <strong>Y\u00f6netici Kullan\u0131c\u0131s\u0131<\/strong> ile giri\u015f yap\u0131l\u0131r. <strong>Bu anlat\u0131m Kasa Kullan\u0131c\u0131s\u0131 ile yap\u0131lacakt\u0131r.<\/strong> Sol \u00fcst s\u00fcrg\u00fcl\u00fc k\u0131s\u0131mdan <strong>H\u0131zl\u0131 Sipari\u015fler <\/strong>sekmesine giri\u015f yap\u0131l\u0131r.<\/p>\n\n\n<div class=\"wp-block-image\">\n<figure class=\"aligncenter size-full is-resized\"><img loading=\"lazy\" src=\"https:\/\/repos.turkuaz-grup.com\/tr\/wp-content\/uploads\/sites\/4\/2022\/08\/image-1.png\" alt=\"\" class=\"wp-image-2482\" width=\"355\" height=\"768\" srcset=\"https:\/\/repos.turkuaz-grup.com\/tr\/wp-content\/uploads\/sites\/4\/2022\/08\/image-1.png 473w, https:\/\/repos.turkuaz-grup.com\/tr\/wp-content\/uploads\/sites\/4\/2022\/08\/image-1-139x300.png 139w, https:\/\/repos.turkuaz-grup.com\/tr\/wp-content\/uploads\/sites\/4\/2022\/08\/image-1-28x60.png 28w\" sizes=\"(max-width: 355px) 100vw, 355px\" \/><\/figure><\/div>\n\n\n<p>2- Kategorilerden sipari\u015fler se\u00e7ilir.<\/p>\n\n\n<div class=\"wp-block-image\">\n<figure class=\"aligncenter size-full is-resized\"><img loading=\"lazy\" src=\"https:\/\/repos.turkuaz-grup.com\/tr\/wp-content\/uploads\/sites\/4\/2022\/08\/image-2.png\" alt=\"\" class=\"wp-image-2483\" width=\"355\" height=\"768\" srcset=\"https:\/\/repos.turkuaz-grup.com\/tr\/wp-content\/uploads\/sites\/4\/2022\/08\/image-2.png 473w, https:\/\/repos.turkuaz-grup.com\/tr\/wp-content\/uploads\/sites\/4\/2022\/08\/image-2-139x300.png 139w, https:\/\/repos.turkuaz-grup.com\/tr\/wp-content\/uploads\/sites\/4\/2022\/08\/image-2-28x60.png 28w\" sizes=\"(max-width: 355px) 100vw, 355px\" \/><\/figure><\/div>\n\n\n<p>3-  <strong>Sipari\u015f \u00d6zeti Ekran\u0131<\/strong> a\u00e7\u0131l\u0131r ve <strong>\u00d6deme<\/strong> butonuna dokunulur.<\/p>\n\n\n<div class=\"wp-block-image\">\n<figure class=\"aligncenter size-large is-resized\"><img loading=\"lazy\" src=\"https:\/\/repos.turkuaz-grup.com\/tr\/wp-content\/uploads\/sites\/4\/2022\/08\/IMAGE-6-6-473x1024.jpeg\" alt=\"\" class=\"wp-image-2457\" width=\"355\" height=\"768\" srcset=\"https:\/\/repos.turkuaz-grup.com\/tr\/wp-content\/uploads\/sites\/4\/2022\/08\/IMAGE-6-6-473x1024.jpeg 473w, https:\/\/repos.turkuaz-grup.com\/tr\/wp-content\/uploads\/sites\/4\/2022\/08\/IMAGE-6-6-138x300.jpeg 138w, https:\/\/repos.turkuaz-grup.com\/tr\/wp-content\/uploads\/sites\/4\/2022\/08\/IMAGE-6-6-768x1664.jpeg 768w, https:\/\/repos.turkuaz-grup.com\/tr\/wp-content\/uploads\/sites\/4\/2022\/08\/IMAGE-6-6-709x1536.jpeg 709w, https:\/\/repos.turkuaz-grup.com\/tr\/wp-content\/uploads\/sites\/4\/2022\/08\/IMAGE-6-6-28x60.jpeg 28w, https:\/\/repos.turkuaz-grup.com\/tr\/wp-content\/uploads\/sites\/4\/2022\/08\/IMAGE-6-6.jpeg 945w\" sizes=\"(max-width: 355px) 100vw, 355px\" \/><\/figure><\/div>\n\n\n<p>4- Sa\u011f \u00fcst k\u0131s\u0131mda bulunan <strong>Di\u011fer se\u00e7enekler<\/strong> butonuna dokunulur.<\/p>\n\n\n<div class=\"wp-block-image\">\n<figure class=\"aligncenter size-large is-resized\"><img loading=\"lazy\" src=\"https:\/\/repos.turkuaz-grup.com\/tr\/wp-content\/uploads\/sites\/4\/2022\/08\/IMAGE-4-8-473x1024.jpeg\" alt=\"\" class=\"wp-image-2484\" width=\"355\" height=\"768\" srcset=\"https:\/\/repos.turkuaz-grup.com\/tr\/wp-content\/uploads\/sites\/4\/2022\/08\/IMAGE-4-8-473x1024.jpeg 473w, https:\/\/repos.turkuaz-grup.com\/tr\/wp-content\/uploads\/sites\/4\/2022\/08\/IMAGE-4-8-138x300.jpeg 138w, https:\/\/repos.turkuaz-grup.com\/tr\/wp-content\/uploads\/sites\/4\/2022\/08\/IMAGE-4-8-768x1664.jpeg 768w, https:\/\/repos.turkuaz-grup.com\/tr\/wp-content\/uploads\/sites\/4\/2022\/08\/IMAGE-4-8-709x1536.jpeg 709w, https:\/\/repos.turkuaz-grup.com\/tr\/wp-content\/uploads\/sites\/4\/2022\/08\/IMAGE-4-8-28x60.jpeg 28w, https:\/\/repos.turkuaz-grup.com\/tr\/wp-content\/uploads\/sites\/4\/2022\/08\/IMAGE-4-8.jpeg 945w\" sizes=\"(max-width: 355px) 100vw, 355px\" \/><\/figure><\/div>\n\n\n<p>5- <strong>Para Giri\u015fi<\/strong> butonuna dokunulur.<\/p>\n\n\n<div class=\"wp-block-image\">\n<figure class=\"aligncenter size-large is-resized\"><img loading=\"lazy\" src=\"https:\/\/repos.turkuaz-grup.com\/tr\/wp-content\/uploads\/sites\/4\/2022\/08\/IMAGE-5-9-473x1024.jpeg\" alt=\"\" class=\"wp-image-2485\" width=\"355\" height=\"768\" srcset=\"https:\/\/repos.turkuaz-grup.com\/tr\/wp-content\/uploads\/sites\/4\/2022\/08\/IMAGE-5-9-473x1024.jpeg 473w, https:\/\/repos.turkuaz-grup.com\/tr\/wp-content\/uploads\/sites\/4\/2022\/08\/IMAGE-5-9-138x300.jpeg 138w, https:\/\/repos.turkuaz-grup.com\/tr\/wp-content\/uploads\/sites\/4\/2022\/08\/IMAGE-5-9-768x1664.jpeg 768w, https:\/\/repos.turkuaz-grup.com\/tr\/wp-content\/uploads\/sites\/4\/2022\/08\/IMAGE-5-9-709x1536.jpeg 709w, https:\/\/repos.turkuaz-grup.com\/tr\/wp-content\/uploads\/sites\/4\/2022\/08\/IMAGE-5-9-28x60.jpeg 28w, https:\/\/repos.turkuaz-grup.com\/tr\/wp-content\/uploads\/sites\/4\/2022\/08\/IMAGE-5-9.jpeg 945w\" sizes=\"(max-width: 355px) 100vw, 355px\" \/><\/figure><\/div>\n\n\n<p>6- <strong>Tutar<\/strong> ve <strong>A\u00e7\u0131klama<\/strong> yaz\u0131l\u0131r. Para giri\u015fi onaylan\u0131r.<\/p>\n\n\n<div class=\"wp-block-image\">\n<figure class=\"aligncenter size-large is-resized\"><img loading=\"lazy\" src=\"https:\/\/repos.turkuaz-grup.com\/tr\/wp-content\/uploads\/sites\/4\/2022\/08\/image-6-8-473x1024.jpeg\" alt=\"\" class=\"wp-image-2486\" width=\"355\" height=\"768\" srcset=\"https:\/\/repos.turkuaz-grup.com\/tr\/wp-content\/uploads\/sites\/4\/2022\/08\/image-6-8-473x1024.jpeg 473w, https:\/\/repos.turkuaz-grup.com\/tr\/wp-content\/uploads\/sites\/4\/2022\/08\/image-6-8-138x300.jpeg 138w, https:\/\/repos.turkuaz-grup.com\/tr\/wp-content\/uploads\/sites\/4\/2022\/08\/image-6-8-768x1664.jpeg 768w, https:\/\/repos.turkuaz-grup.com\/tr\/wp-content\/uploads\/sites\/4\/2022\/08\/image-6-8-709x1536.jpeg 709w, https:\/\/repos.turkuaz-grup.com\/tr\/wp-content\/uploads\/sites\/4\/2022\/08\/image-6-8-28x60.jpeg 28w, https:\/\/repos.turkuaz-grup.com\/tr\/wp-content\/uploads\/sites\/4\/2022\/08\/image-6-8.jpeg 945w\" sizes=\"(max-width: 355px) 100vw, 355px\" \/><\/figure><\/div>\n\n<div class=\"wp-block-image\">\n<figure class=\"aligncenter size-large is-resized\"><img loading=\"lazy\" src=\"https:\/\/repos.turkuaz-grup.com\/tr\/wp-content\/uploads\/sites\/4\/2022\/08\/image-7-8-473x1024.jpeg\" alt=\"\" class=\"wp-image-2487\" width=\"355\" height=\"768\" srcset=\"https:\/\/repos.turkuaz-grup.com\/tr\/wp-content\/uploads\/sites\/4\/2022\/08\/image-7-8-473x1024.jpeg 473w, https:\/\/repos.turkuaz-grup.com\/tr\/wp-content\/uploads\/sites\/4\/2022\/08\/image-7-8-138x300.jpeg 138w, https:\/\/repos.turkuaz-grup.com\/tr\/wp-content\/uploads\/sites\/4\/2022\/08\/image-7-8-768x1664.jpeg 768w, https:\/\/repos.turkuaz-grup.com\/tr\/wp-content\/uploads\/sites\/4\/2022\/08\/image-7-8-709x1536.jpeg 709w, https:\/\/repos.turkuaz-grup.com\/tr\/wp-content\/uploads\/sites\/4\/2022\/08\/image-7-8-28x60.jpeg 28w, https:\/\/repos.turkuaz-grup.com\/tr\/wp-content\/uploads\/sites\/4\/2022\/08\/image-7-8.jpeg 945w\" sizes=\"(max-width: 355px) 100vw, 355px\" \/><\/figure><\/div>\n\n\n<div style=\"height:100px\" aria-hidden=\"true\" class=\"wp-block-spacer\"><\/div>\n\n\n\n<p>Yard\u0131m ile ilgili videomuzu buradan izleyebilirsiniz.<\/p>\n\n\n\n<figure class=\"wp-block-embed is-type-video is-provider-youtube wp-block-embed-youtube wp-embed-aspect-16-9 wp-has-aspect-ratio\"><div class=\"wp-block-embed__wrapper\">\n<iframe loading=\"lazy\" title=\"Para Giri\u015fi nas\u0131l yap\u0131l\u0131r?\" width=\"770\" height=\"433\" src=\"https:\/\/www.youtube.com\/embed\/jqHslLEzo9A?feature=oembed\" frameborder=\"0\" allow=\"accelerometer; autoplay; clipboard-write; encrypted-media; gyroscope; picture-in-picture; web-share\" allowfullscreen><\/iframe>\n<\/div><\/figure>\n","protected":false},"excerpt":{"rendered":"<p>Bu sayfa sat\u0131\u015f s\u0131ras\u0131nda katalog haricinde para giri\u015finin nas\u0131l yap\u0131laca\u011f\u0131n\u0131 &hellip; <\/p>\n","protected":false},"author":1,"featured_media":0,"parent":1871,"menu_order":0,"comment_status":"closed","ping_status":"closed","template":"","meta":[],"_links":{"self":[{"href":"https:\/\/repos.turkuaz-grup.com\/tr\/wp-json\/wp\/v2\/pages\/2254"}],"collection":[{"href":"https:\/\/repos.turkuaz-grup.com\/tr\/wp-json\/wp\/v2\/pages"}],"about":[{"href":"https:\/\/repos.turkuaz-grup.com\/tr\/wp-json\/wp\/v2\/types\/page"}],"author":[{"embeddable":true,"href":"https:\/\/repos.turkuaz-grup.com\/tr\/wp-json\/wp\/v2\/users\/1"}],"replies":[{"embeddable":true,"href":"https:\/\/repos.turkuaz-grup.com\/tr\/wp-json\/wp\/v2\/comments?post=2254"}],"version-history":[{"count":4,"href":"https:\/\/repos.turkuaz-grup.com\/tr\/wp-json\/wp\/v2\/pages\/2254\/revisions"}],"predecessor-version":[{"id":2991,"href":"https:\/\/repos.turkuaz-grup.com\/tr\/wp-json\/wp\/v2\/pages\/2254\/revisions\/2991"}],"up":[{"embeddable":true,"href":"https:\/\/repos.turkuaz-grup.com\/tr\/wp-json\/wp\/v2\/pages\/1871"}],"wp:attachment":[{"href":"https:\/\/repos.turkuaz-grup.com\/tr\/wp-json\/wp\/v2\/media?parent=2254"}],"curies":[{"name":"wp","href":"https:\/\/api.w.org\/{rel}","templated":true}]}}