{"id":2260,"date":"2022-05-25T12:55:00","date_gmt":"2022-05-25T12:55:00","guid":{"rendered":"https:\/\/repos.turkuaz-grup.com\/tr\/?page_id=2260"},"modified":"2023-10-31T12:43:00","modified_gmt":"2023-10-31T12:43:00","slug":"rezervasyon-nasil-alinir","status":"publish","type":"page","link":"https:\/\/repos.turkuaz-grup.com\/tr\/repos-yardim-merkezi\/rezervasyon-nasil-alinir\/","title":{"rendered":"Rezervasyon nas\u0131l al\u0131n\u0131r ?"},"content":{"rendered":"\n<p>Bu sayfada Rezervasyonun nas\u0131l al\u0131nd\u0131\u011f\u0131 anlat\u0131lacakt\u0131r.<\/p>\n\n\n\n<p>ADIMLAR:<\/p>\n\n\n\n<p>1- <strong>RePOS<\/strong> uygulamas\u0131na <strong>Kasa<\/strong> veya <strong>Y\u00f6netici Kullan\u0131c\u0131s\u0131<\/strong> ile giri\u015f yap\u0131l\u0131r. <strong>Bu anlat\u0131m Kasa Kullan\u0131c\u0131s\u0131 ile yap\u0131lacakt\u0131r.<\/strong> Sol \u00fcst s\u00fcrg\u00fcl\u00fc k\u0131s\u0131mdan<strong>  Masa Rezervasyon <\/strong>sekmesine giri\u015f yap\u0131l\u0131r.<\/p>\n\n\n<div class=\"wp-block-image\">\n<figure class=\"aligncenter size-large is-resized\"><img loading=\"lazy\" src=\"https:\/\/repos.turkuaz-grup.com\/tr\/wp-content\/uploads\/sites\/4\/2022\/08\/IMAGE-1-15-473x1024.jpeg\" alt=\"\" class=\"wp-image-2517\" width=\"355\" height=\"768\" srcset=\"https:\/\/repos.turkuaz-grup.com\/tr\/wp-content\/uploads\/sites\/4\/2022\/08\/IMAGE-1-15-473x1024.jpeg 473w, https:\/\/repos.turkuaz-grup.com\/tr\/wp-content\/uploads\/sites\/4\/2022\/08\/IMAGE-1-15-138x300.jpeg 138w, https:\/\/repos.turkuaz-grup.com\/tr\/wp-content\/uploads\/sites\/4\/2022\/08\/IMAGE-1-15-768x1664.jpeg 768w, https:\/\/repos.turkuaz-grup.com\/tr\/wp-content\/uploads\/sites\/4\/2022\/08\/IMAGE-1-15-709x1536.jpeg 709w, https:\/\/repos.turkuaz-grup.com\/tr\/wp-content\/uploads\/sites\/4\/2022\/08\/IMAGE-1-15-28x60.jpeg 28w, https:\/\/repos.turkuaz-grup.com\/tr\/wp-content\/uploads\/sites\/4\/2022\/08\/IMAGE-1-15.jpeg 945w\" sizes=\"(max-width: 355px) 100vw, 355px\" \/><\/figure><\/div>\n\n\n<p>2- Rezervasyon i\u00e7in Takvimden <strong>tarih<\/strong> ve <strong>saat<\/strong> se\u00e7ilir. <\/p>\n\n\n<div class=\"wp-block-image\">\n<figure class=\"aligncenter size-large is-resized\"><img loading=\"lazy\" src=\"https:\/\/repos.turkuaz-grup.com\/tr\/wp-content\/uploads\/sites\/4\/2022\/08\/IMAGE-2-13-473x1024.jpeg\" alt=\"\" class=\"wp-image-2521\" width=\"355\" height=\"768\" srcset=\"https:\/\/repos.turkuaz-grup.com\/tr\/wp-content\/uploads\/sites\/4\/2022\/08\/IMAGE-2-13-473x1024.jpeg 473w, https:\/\/repos.turkuaz-grup.com\/tr\/wp-content\/uploads\/sites\/4\/2022\/08\/IMAGE-2-13-138x300.jpeg 138w, https:\/\/repos.turkuaz-grup.com\/tr\/wp-content\/uploads\/sites\/4\/2022\/08\/IMAGE-2-13-768x1664.jpeg 768w, https:\/\/repos.turkuaz-grup.com\/tr\/wp-content\/uploads\/sites\/4\/2022\/08\/IMAGE-2-13-709x1536.jpeg 709w, https:\/\/repos.turkuaz-grup.com\/tr\/wp-content\/uploads\/sites\/4\/2022\/08\/IMAGE-2-13-28x60.jpeg 28w, https:\/\/repos.turkuaz-grup.com\/tr\/wp-content\/uploads\/sites\/4\/2022\/08\/IMAGE-2-13.jpeg 945w\" sizes=\"(max-width: 355px) 100vw, 355px\" \/><\/figure><\/div>\n\n<div class=\"wp-block-image\">\n<figure class=\"aligncenter size-large is-resized\"><img loading=\"lazy\" src=\"https:\/\/repos.turkuaz-grup.com\/tr\/wp-content\/uploads\/sites\/4\/2022\/08\/IMAGE-3-12-473x1024.jpeg\" alt=\"\" class=\"wp-image-2522\" width=\"355\" height=\"768\" srcset=\"https:\/\/repos.turkuaz-grup.com\/tr\/wp-content\/uploads\/sites\/4\/2022\/08\/IMAGE-3-12-473x1024.jpeg 473w, https:\/\/repos.turkuaz-grup.com\/tr\/wp-content\/uploads\/sites\/4\/2022\/08\/IMAGE-3-12-138x300.jpeg 138w, https:\/\/repos.turkuaz-grup.com\/tr\/wp-content\/uploads\/sites\/4\/2022\/08\/IMAGE-3-12-768x1664.jpeg 768w, https:\/\/repos.turkuaz-grup.com\/tr\/wp-content\/uploads\/sites\/4\/2022\/08\/IMAGE-3-12-709x1536.jpeg 709w, https:\/\/repos.turkuaz-grup.com\/tr\/wp-content\/uploads\/sites\/4\/2022\/08\/IMAGE-3-12-28x60.jpeg 28w, https:\/\/repos.turkuaz-grup.com\/tr\/wp-content\/uploads\/sites\/4\/2022\/08\/IMAGE-3-12.jpeg 945w\" sizes=\"(max-width: 355px) 100vw, 355px\" \/><\/figure><\/div>\n\n\n<p>3- <strong>Rezervasyon bilgileri<\/strong> yaz\u0131l\u0131r. <strong>Tamam <\/strong>butonuna dokunulurak rezervasyon i\u015flemi tamamlan\u0131r.<\/p>\n\n\n<div class=\"wp-block-image\">\n<figure class=\"aligncenter size-large is-resized\"><img loading=\"lazy\" src=\"https:\/\/repos.turkuaz-grup.com\/tr\/wp-content\/uploads\/sites\/4\/2022\/08\/IMAGE-4-11-473x1024.jpeg\" alt=\"\" class=\"wp-image-2525\" width=\"355\" height=\"768\" srcset=\"https:\/\/repos.turkuaz-grup.com\/tr\/wp-content\/uploads\/sites\/4\/2022\/08\/IMAGE-4-11-473x1024.jpeg 473w, https:\/\/repos.turkuaz-grup.com\/tr\/wp-content\/uploads\/sites\/4\/2022\/08\/IMAGE-4-11-138x300.jpeg 138w, https:\/\/repos.turkuaz-grup.com\/tr\/wp-content\/uploads\/sites\/4\/2022\/08\/IMAGE-4-11-768x1664.jpeg 768w, https:\/\/repos.turkuaz-grup.com\/tr\/wp-content\/uploads\/sites\/4\/2022\/08\/IMAGE-4-11-709x1536.jpeg 709w, https:\/\/repos.turkuaz-grup.com\/tr\/wp-content\/uploads\/sites\/4\/2022\/08\/IMAGE-4-11-28x60.jpeg 28w, https:\/\/repos.turkuaz-grup.com\/tr\/wp-content\/uploads\/sites\/4\/2022\/08\/IMAGE-4-11.jpeg 945w\" sizes=\"(max-width: 355px) 100vw, 355px\" \/><\/figure><\/div>\n\n\n<div style=\"height:100px\" aria-hidden=\"true\" class=\"wp-block-spacer\"><\/div>\n\n\n\n<p>Yard\u0131m ile ilgili videomuzu buradan izleyebilirsiniz.<\/p>\n\n\n\n<figure class=\"wp-block-embed is-type-video is-provider-youtube wp-block-embed-youtube wp-embed-aspect-16-9 wp-has-aspect-ratio\"><div class=\"wp-block-embed__wrapper\">\n<iframe loading=\"lazy\" title=\"Masa rezervasyonu hat\u0131rlatma ve silme nas\u0131l yap\u0131l\u0131r?\" width=\"770\" height=\"433\" src=\"https:\/\/www.youtube.com\/embed\/XITmBU5QTkY?feature=oembed\" frameborder=\"0\" allow=\"accelerometer; autoplay; clipboard-write; encrypted-media; gyroscope; picture-in-picture; web-share\" allowfullscreen><\/iframe>\n<\/div><\/figure>\n","protected":false},"excerpt":{"rendered":"<p>Bu sayfada Rezervasyonun nas\u0131l al\u0131nd\u0131\u011f\u0131 anlat\u0131lacakt\u0131r. ADIMLAR: 1- RePOS uygulamas\u0131na &hellip; <\/p>\n","protected":false},"author":1,"featured_media":0,"parent":1871,"menu_order":0,"comment_status":"closed","ping_status":"closed","template":"","meta":[],"_links":{"self":[{"href":"https:\/\/repos.turkuaz-grup.com\/tr\/wp-json\/wp\/v2\/pages\/2260"}],"collection":[{"href":"https:\/\/repos.turkuaz-grup.com\/tr\/wp-json\/wp\/v2\/pages"}],"about":[{"href":"https:\/\/repos.turkuaz-grup.com\/tr\/wp-json\/wp\/v2\/types\/page"}],"author":[{"embeddable":true,"href":"https:\/\/repos.turkuaz-grup.com\/tr\/wp-json\/wp\/v2\/users\/1"}],"replies":[{"embeddable":true,"href":"https:\/\/repos.turkuaz-grup.com\/tr\/wp-json\/wp\/v2\/comments?post=2260"}],"version-history":[{"count":5,"href":"https:\/\/repos.turkuaz-grup.com\/tr\/wp-json\/wp\/v2\/pages\/2260\/revisions"}],"predecessor-version":[{"id":2997,"href":"https:\/\/repos.turkuaz-grup.com\/tr\/wp-json\/wp\/v2\/pages\/2260\/revisions\/2997"}],"up":[{"embeddable":true,"href":"https:\/\/repos.turkuaz-grup.com\/tr\/wp-json\/wp\/v2\/pages\/1871"}],"wp:attachment":[{"href":"https:\/\/repos.turkuaz-grup.com\/tr\/wp-json\/wp\/v2\/media?parent=2260"}],"curies":[{"name":"wp","href":"https:\/\/api.w.org\/{rel}","templated":true}]}}