{"id":2271,"date":"2022-05-25T13:00:48","date_gmt":"2022-05-25T13:00:48","guid":{"rendered":"https:\/\/repos.turkuaz-grup.com\/tr\/?page_id=2271"},"modified":"2022-08-17T08:43:06","modified_gmt":"2022-08-17T08:43:06","slug":"reposa-mutfak-nasil-eklenir","status":"publish","type":"page","link":"https:\/\/repos.turkuaz-grup.com\/tr\/repos-yardim-merkezi\/reposa-mutfak-nasil-eklenir\/","title":{"rendered":"RePOS&#8217;a mutfak nas\u0131l eklenir?"},"content":{"rendered":"\n<p>Bu sayfada mutfak kullan\u0131c\u0131s\u0131n\u0131n sisteme nas\u0131l tan\u0131mlanaca\u011f\u0131 anlatacakt\u0131r.<\/p>\n\n\n\n<p>ADIMLAR:<\/p>\n\n\n\n<p>1- <strong>RePOS<\/strong> uygulamas\u0131na <strong>Y\u00f6netici Kullan\u0131c\u0131s\u0131<\/strong> ile giri\u015f yap\u0131l\u0131r. Sol \u00fcst s\u00fcrg\u00fcl\u00fc k\u0131s\u0131mdan <strong>Y\u00f6netim Men\u00fcleri <\/strong>b\u00f6l\u00fcm\u00fcnden<strong> Kullan\u0131c\u0131 Y\u00f6netimi <\/strong>sekmesine giri\u015f yap\u0131l\u0131r.<\/p>\n\n\n<div class=\"wp-block-image\">\n<figure class=\"aligncenter size-large is-resized\"><img loading=\"lazy\" src=\"https:\/\/repos.turkuaz-grup.com\/tr\/wp-content\/uploads\/sites\/4\/2022\/08\/image-1-4-473x1024.jpeg\" alt=\"\" class=\"wp-image-2424\" width=\"355\" height=\"768\" srcset=\"https:\/\/repos.turkuaz-grup.com\/tr\/wp-content\/uploads\/sites\/4\/2022\/08\/image-1-4-473x1024.jpeg 473w, https:\/\/repos.turkuaz-grup.com\/tr\/wp-content\/uploads\/sites\/4\/2022\/08\/image-1-4-138x300.jpeg 138w, https:\/\/repos.turkuaz-grup.com\/tr\/wp-content\/uploads\/sites\/4\/2022\/08\/image-1-4-768x1664.jpeg 768w, https:\/\/repos.turkuaz-grup.com\/tr\/wp-content\/uploads\/sites\/4\/2022\/08\/image-1-4-709x1536.jpeg 709w, https:\/\/repos.turkuaz-grup.com\/tr\/wp-content\/uploads\/sites\/4\/2022\/08\/image-1-4-28x60.jpeg 28w, https:\/\/repos.turkuaz-grup.com\/tr\/wp-content\/uploads\/sites\/4\/2022\/08\/image-1-4.jpeg 945w\" sizes=\"(max-width: 355px) 100vw, 355px\" \/><\/figure><\/div>\n\n\n<p>2- A\u00e7\u0131lan pencereden  <strong>Mutfak<\/strong> alan\u0131na ge\u00e7ilir.  Alt k\u0131s\u0131mda bulunan <strong>Kullan\u0131c\u0131 Eklemek \u0130\u00e7in T\u0131klay\u0131n\u0131z<\/strong> butonuna dokunulur.<\/p>\n\n\n<div class=\"wp-block-image\">\n<figure class=\"aligncenter size-large is-resized\"><img loading=\"lazy\" src=\"https:\/\/repos.turkuaz-grup.com\/tr\/wp-content\/uploads\/sites\/4\/2022\/08\/IMAGE-1-14-473x1024.jpeg\" alt=\"\" class=\"wp-image-2513\" width=\"355\" height=\"768\" srcset=\"https:\/\/repos.turkuaz-grup.com\/tr\/wp-content\/uploads\/sites\/4\/2022\/08\/IMAGE-1-14-473x1024.jpeg 473w, https:\/\/repos.turkuaz-grup.com\/tr\/wp-content\/uploads\/sites\/4\/2022\/08\/IMAGE-1-14-138x300.jpeg 138w, https:\/\/repos.turkuaz-grup.com\/tr\/wp-content\/uploads\/sites\/4\/2022\/08\/IMAGE-1-14-768x1664.jpeg 768w, https:\/\/repos.turkuaz-grup.com\/tr\/wp-content\/uploads\/sites\/4\/2022\/08\/IMAGE-1-14-709x1536.jpeg 709w, https:\/\/repos.turkuaz-grup.com\/tr\/wp-content\/uploads\/sites\/4\/2022\/08\/IMAGE-1-14-28x60.jpeg 28w, https:\/\/repos.turkuaz-grup.com\/tr\/wp-content\/uploads\/sites\/4\/2022\/08\/IMAGE-1-14.jpeg 945w\" sizes=\"(max-width: 355px) 100vw, 355px\" \/><\/figure><\/div>\n\n\n<p>3- Eklemek istedi\u011finiz <strong>Kullan\u0131c\u0131<\/strong> i\u00e7in <strong>\u0130sim<\/strong>, <strong>Telefon Numaras\u0131<\/strong>, <strong>Mail Adresi<\/strong> ve istenirse <strong>\u015eifre <\/strong>girilir. <strong>Ekle<\/strong> butonuna t\u0131klan\u0131r.<\/p>\n\n\n<div class=\"wp-block-image\">\n<figure class=\"aligncenter size-large is-resized\"><img loading=\"lazy\" src=\"https:\/\/repos.turkuaz-grup.com\/tr\/wp-content\/uploads\/sites\/4\/2022\/08\/IMAGE-1-13-473x1024.jpeg\" alt=\"\" class=\"wp-image-2512\" width=\"355\" height=\"768\" srcset=\"https:\/\/repos.turkuaz-grup.com\/tr\/wp-content\/uploads\/sites\/4\/2022\/08\/IMAGE-1-13-473x1024.jpeg 473w, https:\/\/repos.turkuaz-grup.com\/tr\/wp-content\/uploads\/sites\/4\/2022\/08\/IMAGE-1-13-138x300.jpeg 138w, https:\/\/repos.turkuaz-grup.com\/tr\/wp-content\/uploads\/sites\/4\/2022\/08\/IMAGE-1-13-768x1664.jpeg 768w, https:\/\/repos.turkuaz-grup.com\/tr\/wp-content\/uploads\/sites\/4\/2022\/08\/IMAGE-1-13-709x1536.jpeg 709w, https:\/\/repos.turkuaz-grup.com\/tr\/wp-content\/uploads\/sites\/4\/2022\/08\/IMAGE-1-13-28x60.jpeg 28w, https:\/\/repos.turkuaz-grup.com\/tr\/wp-content\/uploads\/sites\/4\/2022\/08\/IMAGE-1-13.jpeg 945w\" sizes=\"(max-width: 355px) 100vw, 355px\" \/><\/figure><\/div>\n\n\n<p>4- <strong>Mutfak Ekleme<\/strong> i\u015flemi ba\u015far\u0131yla tamamlan\u0131r.<\/p>\n\n\n<div class=\"wp-block-image\">\n<figure class=\"aligncenter size-large is-resized\"><img loading=\"lazy\" src=\"https:\/\/repos.turkuaz-grup.com\/tr\/wp-content\/uploads\/sites\/4\/2022\/08\/IMAGE-2-12-473x1024.jpeg\" alt=\"\" class=\"wp-image-2514\" width=\"355\" height=\"768\" srcset=\"https:\/\/repos.turkuaz-grup.com\/tr\/wp-content\/uploads\/sites\/4\/2022\/08\/IMAGE-2-12-473x1024.jpeg 473w, https:\/\/repos.turkuaz-grup.com\/tr\/wp-content\/uploads\/sites\/4\/2022\/08\/IMAGE-2-12-138x300.jpeg 138w, https:\/\/repos.turkuaz-grup.com\/tr\/wp-content\/uploads\/sites\/4\/2022\/08\/IMAGE-2-12-768x1664.jpeg 768w, https:\/\/repos.turkuaz-grup.com\/tr\/wp-content\/uploads\/sites\/4\/2022\/08\/IMAGE-2-12-709x1536.jpeg 709w, https:\/\/repos.turkuaz-grup.com\/tr\/wp-content\/uploads\/sites\/4\/2022\/08\/IMAGE-2-12-28x60.jpeg 28w, https:\/\/repos.turkuaz-grup.com\/tr\/wp-content\/uploads\/sites\/4\/2022\/08\/IMAGE-2-12.jpeg 945w\" sizes=\"(max-width: 355px) 100vw, 355px\" \/><\/figure><\/div>\n\n\n<p>5- <strong>Google Play Store<\/strong>den <strong>RePOS Mutfak <\/strong>uygulamas\u0131 indirilir ve <strong>Eklenen Kullan\u0131c\u0131<\/strong> oradan giri\u015f yapabilir.<\/p>\n","protected":false},"excerpt":{"rendered":"<p>Bu sayfada mutfak kullan\u0131c\u0131s\u0131n\u0131n sisteme nas\u0131l tan\u0131mlanaca\u011f\u0131 anlatacakt\u0131r. ADIMLAR: 1- &hellip; <\/p>\n","protected":false},"author":1,"featured_media":0,"parent":1871,"menu_order":0,"comment_status":"closed","ping_status":"closed","template":"","meta":[],"_links":{"self":[{"href":"https:\/\/repos.turkuaz-grup.com\/tr\/wp-json\/wp\/v2\/pages\/2271"}],"collection":[{"href":"https:\/\/repos.turkuaz-grup.com\/tr\/wp-json\/wp\/v2\/pages"}],"about":[{"href":"https:\/\/repos.turkuaz-grup.com\/tr\/wp-json\/wp\/v2\/types\/page"}],"author":[{"embeddable":true,"href":"https:\/\/repos.turkuaz-grup.com\/tr\/wp-json\/wp\/v2\/users\/1"}],"replies":[{"embeddable":true,"href":"https:\/\/repos.turkuaz-grup.com\/tr\/wp-json\/wp\/v2\/comments?post=2271"}],"version-history":[{"count":2,"href":"https:\/\/repos.turkuaz-grup.com\/tr\/wp-json\/wp\/v2\/pages\/2271\/revisions"}],"predecessor-version":[{"id":2515,"href":"https:\/\/repos.turkuaz-grup.com\/tr\/wp-json\/wp\/v2\/pages\/2271\/revisions\/2515"}],"up":[{"embeddable":true,"href":"https:\/\/repos.turkuaz-grup.com\/tr\/wp-json\/wp\/v2\/pages\/1871"}],"wp:attachment":[{"href":"https:\/\/repos.turkuaz-grup.com\/tr\/wp-json\/wp\/v2\/media?parent=2271"}],"curies":[{"name":"wp","href":"https:\/\/api.w.org\/{rel}","templated":true}]}}