{"id":2609,"date":"2023-04-24T10:43:40","date_gmt":"2023-04-24T10:43:40","guid":{"rendered":"https:\/\/repos.turkuaz-grup.com\/tr\/?page_id=2609"},"modified":"2023-10-30T11:21:49","modified_gmt":"2023-10-30T11:21:49","slug":"canli-destek-nasil-kullanilir","status":"publish","type":"page","link":"https:\/\/repos.turkuaz-grup.com\/tr\/repos-yardim-merkezi\/canli-destek-nasil-kullanilir\/","title":{"rendered":"Canl\u0131 Destek Nas\u0131l Kullan\u0131l\u0131r?"},"content":{"rendered":"\n<p>RePOS uygulamas\u0131nda Canl\u0131 Destek men\u00fcs\u00fc uygulama hakk\u0131nda deneyimli m\u00fc\u015fteri temsilcilerimize ula\u015fman\u0131z i\u00e7in tasarlanm\u0131\u015ft\u0131r. RePOS m\u00fc\u015fteri deste\u011fine \u00f6nem veren ve kar\u015f\u0131n\u0131zda her zaman bir muhattap bulaca\u011f\u0131\u0131z bir uygulamad\u0131r. Bu \u00f6zellik sayesinde bizimle her an ileti\u015fime ge\u00e7ebilirsiniz. \u0130\u015fte canl\u0131 destek hakk\u0131nda baz\u0131 bilgiler;<\/p>\n\n\n\n<div style=\"height:60px\" aria-hidden=\"true\" class=\"wp-block-spacer\"><\/div>\n\n\n\n<p>1- Uygulamaya giri\u015f yap\u0131n. Uygulamada sa\u011f \u00fcst k\u00f6\u015fede bulunan \u00fc\u00e7 noktaya dokunun. <\/p>\n\n\n\n<figure class=\"wp-container-2 wp-block-gallery-1 wp-block-gallery has-nested-images columns-default is-cropped\">\n<figure class=\"wp-block-image size-large\"><img loading=\"lazy\" width=\"576\" height=\"1024\" data-id=\"2818\"  src=\"https:\/\/repos.turkuaz-grup.com\/tr\/wp-content\/uploads\/sites\/4\/2023\/10\/WhatsApp-Image-2023-10-10-at-12.01.32-1-576x1024.jpeg\" alt=\"\" class=\"wp-image-2818\" srcset=\"https:\/\/repos.turkuaz-grup.com\/tr\/wp-content\/uploads\/sites\/4\/2023\/10\/WhatsApp-Image-2023-10-10-at-12.01.32-1-576x1024.jpeg 576w, https:\/\/repos.turkuaz-grup.com\/tr\/wp-content\/uploads\/sites\/4\/2023\/10\/WhatsApp-Image-2023-10-10-at-12.01.32-1-169x300.jpeg 169w, https:\/\/repos.turkuaz-grup.com\/tr\/wp-content\/uploads\/sites\/4\/2023\/10\/WhatsApp-Image-2023-10-10-at-12.01.32-1-768x1365.jpeg 768w, https:\/\/repos.turkuaz-grup.com\/tr\/wp-content\/uploads\/sites\/4\/2023\/10\/WhatsApp-Image-2023-10-10-at-12.01.32-1-864x1536.jpeg 864w, https:\/\/repos.turkuaz-grup.com\/tr\/wp-content\/uploads\/sites\/4\/2023\/10\/WhatsApp-Image-2023-10-10-at-12.01.32-1-34x60.jpeg 34w, https:\/\/repos.turkuaz-grup.com\/tr\/wp-content\/uploads\/sites\/4\/2023\/10\/WhatsApp-Image-2023-10-10-at-12.01.32-1.jpeg 1080w\" sizes=\"(max-width: 576px) 100vw, 576px\" \/><\/figure>\n\n\n\n<figure class=\"wp-block-image size-large\"><img loading=\"lazy\" width=\"576\" height=\"1024\" data-id=\"2817\"  src=\"https:\/\/repos.turkuaz-grup.com\/tr\/wp-content\/uploads\/sites\/4\/2023\/10\/WhatsApp-Image-2023-10-10-at-12.01.32-2-576x1024.jpeg\" alt=\"\" class=\"wp-image-2817\" srcset=\"https:\/\/repos.turkuaz-grup.com\/tr\/wp-content\/uploads\/sites\/4\/2023\/10\/WhatsApp-Image-2023-10-10-at-12.01.32-2-576x1024.jpeg 576w, https:\/\/repos.turkuaz-grup.com\/tr\/wp-content\/uploads\/sites\/4\/2023\/10\/WhatsApp-Image-2023-10-10-at-12.01.32-2-169x300.jpeg 169w, https:\/\/repos.turkuaz-grup.com\/tr\/wp-content\/uploads\/sites\/4\/2023\/10\/WhatsApp-Image-2023-10-10-at-12.01.32-2-768x1366.jpeg 768w, https:\/\/repos.turkuaz-grup.com\/tr\/wp-content\/uploads\/sites\/4\/2023\/10\/WhatsApp-Image-2023-10-10-at-12.01.32-2-864x1536.jpeg 864w, https:\/\/repos.turkuaz-grup.com\/tr\/wp-content\/uploads\/sites\/4\/2023\/10\/WhatsApp-Image-2023-10-10-at-12.01.32-2-34x60.jpeg 34w, https:\/\/repos.turkuaz-grup.com\/tr\/wp-content\/uploads\/sites\/4\/2023\/10\/WhatsApp-Image-2023-10-10-at-12.01.32-2.jpeg 899w\" sizes=\"(max-width: 576px) 100vw, 576px\" \/><\/figure>\n<\/figure>\n\n\n\n<div style=\"height:60px\" aria-hidden=\"true\" class=\"wp-block-spacer\"><\/div>\n\n\n\n<p>2- A\u00e7\u0131lan men\u00fcde Canl\u0131 Destek sekmesine dokunun. Chat alan\u0131nda bize sorun\/\u00f6neri veya destek istedi\u011finiz konuyu yaz\u0131p g\u00f6nderebilirsiniz.<\/p>\n\n\n\n<figure class=\"wp-container-4 wp-block-gallery-3 wp-block-gallery has-nested-images columns-default is-cropped\">\n<figure class=\"wp-block-image size-large\"><img loading=\"lazy\" width=\"576\" height=\"1024\" data-id=\"2819\"  src=\"https:\/\/repos.turkuaz-grup.com\/tr\/wp-content\/uploads\/sites\/4\/2023\/10\/WhatsApp-Image-2023-10-10-at-12.01.31-576x1024.jpeg\" alt=\"\" class=\"wp-image-2819\" srcset=\"https:\/\/repos.turkuaz-grup.com\/tr\/wp-content\/uploads\/sites\/4\/2023\/10\/WhatsApp-Image-2023-10-10-at-12.01.31-576x1024.jpeg 576w, https:\/\/repos.turkuaz-grup.com\/tr\/wp-content\/uploads\/sites\/4\/2023\/10\/WhatsApp-Image-2023-10-10-at-12.01.31-169x300.jpeg 169w, https:\/\/repos.turkuaz-grup.com\/tr\/wp-content\/uploads\/sites\/4\/2023\/10\/WhatsApp-Image-2023-10-10-at-12.01.31-768x1366.jpeg 768w, https:\/\/repos.turkuaz-grup.com\/tr\/wp-content\/uploads\/sites\/4\/2023\/10\/WhatsApp-Image-2023-10-10-at-12.01.31-864x1536.jpeg 864w, https:\/\/repos.turkuaz-grup.com\/tr\/wp-content\/uploads\/sites\/4\/2023\/10\/WhatsApp-Image-2023-10-10-at-12.01.31-34x60.jpeg 34w, https:\/\/repos.turkuaz-grup.com\/tr\/wp-content\/uploads\/sites\/4\/2023\/10\/WhatsApp-Image-2023-10-10-at-12.01.31.jpeg 899w\" sizes=\"(max-width: 576px) 100vw, 576px\" \/><\/figure>\n\n\n\n<figure class=\"wp-block-image size-large\"><img loading=\"lazy\" width=\"576\" height=\"1024\" data-id=\"2820\"  src=\"https:\/\/repos.turkuaz-grup.com\/tr\/wp-content\/uploads\/sites\/4\/2023\/10\/WhatsApp-Image-2023-10-10-at-12.01.31-1-576x1024.jpeg\" alt=\"\" class=\"wp-image-2820\" srcset=\"https:\/\/repos.turkuaz-grup.com\/tr\/wp-content\/uploads\/sites\/4\/2023\/10\/WhatsApp-Image-2023-10-10-at-12.01.31-1-576x1024.jpeg 576w, https:\/\/repos.turkuaz-grup.com\/tr\/wp-content\/uploads\/sites\/4\/2023\/10\/WhatsApp-Image-2023-10-10-at-12.01.31-1-169x300.jpeg 169w, https:\/\/repos.turkuaz-grup.com\/tr\/wp-content\/uploads\/sites\/4\/2023\/10\/WhatsApp-Image-2023-10-10-at-12.01.31-1-768x1366.jpeg 768w, https:\/\/repos.turkuaz-grup.com\/tr\/wp-content\/uploads\/sites\/4\/2023\/10\/WhatsApp-Image-2023-10-10-at-12.01.31-1-864x1536.jpeg 864w, https:\/\/repos.turkuaz-grup.com\/tr\/wp-content\/uploads\/sites\/4\/2023\/10\/WhatsApp-Image-2023-10-10-at-12.01.31-1-34x60.jpeg 34w, https:\/\/repos.turkuaz-grup.com\/tr\/wp-content\/uploads\/sites\/4\/2023\/10\/WhatsApp-Image-2023-10-10-at-12.01.31-1.jpeg 899w\" sizes=\"(max-width: 576px) 100vw, 576px\" \/><\/figure>\n<\/figure>\n\n\n\n<div style=\"height:60px\" aria-hidden=\"true\" class=\"wp-block-spacer\"><\/div>\n\n\n\n<p>3- Destek ekibimiz yan\u0131t verdi\u011finde okunmam\u0131\u015f mesajlar size bildirim olarak g\u00f6r\u00fcnecektir.<\/p>\n\n\n\n<figure class=\"wp-container-6 wp-block-gallery-5 wp-block-gallery has-nested-images columns-default is-cropped\">\n<figure class=\"wp-block-image size-large\"><img loading=\"lazy\" width=\"576\" height=\"1024\" data-id=\"2822\"  src=\"https:\/\/repos.turkuaz-grup.com\/tr\/wp-content\/uploads\/sites\/4\/2023\/10\/WhatsApp-Image-2023-10-10-at-12.01.31-2-576x1024.jpeg\" alt=\"\" class=\"wp-image-2822\" srcset=\"https:\/\/repos.turkuaz-grup.com\/tr\/wp-content\/uploads\/sites\/4\/2023\/10\/WhatsApp-Image-2023-10-10-at-12.01.31-2-576x1024.jpeg 576w, https:\/\/repos.turkuaz-grup.com\/tr\/wp-content\/uploads\/sites\/4\/2023\/10\/WhatsApp-Image-2023-10-10-at-12.01.31-2-169x300.jpeg 169w, https:\/\/repos.turkuaz-grup.com\/tr\/wp-content\/uploads\/sites\/4\/2023\/10\/WhatsApp-Image-2023-10-10-at-12.01.31-2-768x1366.jpeg 768w, https:\/\/repos.turkuaz-grup.com\/tr\/wp-content\/uploads\/sites\/4\/2023\/10\/WhatsApp-Image-2023-10-10-at-12.01.31-2-864x1536.jpeg 864w, https:\/\/repos.turkuaz-grup.com\/tr\/wp-content\/uploads\/sites\/4\/2023\/10\/WhatsApp-Image-2023-10-10-at-12.01.31-2-34x60.jpeg 34w, https:\/\/repos.turkuaz-grup.com\/tr\/wp-content\/uploads\/sites\/4\/2023\/10\/WhatsApp-Image-2023-10-10-at-12.01.31-2.jpeg 899w\" sizes=\"(max-width: 576px) 100vw, 576px\" \/><\/figure>\n\n\n\n<figure class=\"wp-block-image size-large\"><img loading=\"lazy\" width=\"576\" height=\"1024\" data-id=\"2821\"  src=\"https:\/\/repos.turkuaz-grup.com\/tr\/wp-content\/uploads\/sites\/4\/2023\/10\/WhatsApp-Image-2023-10-10-at-12.01.31-3-576x1024.jpeg\" alt=\"\" class=\"wp-image-2821\" srcset=\"https:\/\/repos.turkuaz-grup.com\/tr\/wp-content\/uploads\/sites\/4\/2023\/10\/WhatsApp-Image-2023-10-10-at-12.01.31-3-576x1024.jpeg 576w, https:\/\/repos.turkuaz-grup.com\/tr\/wp-content\/uploads\/sites\/4\/2023\/10\/WhatsApp-Image-2023-10-10-at-12.01.31-3-169x300.jpeg 169w, https:\/\/repos.turkuaz-grup.com\/tr\/wp-content\/uploads\/sites\/4\/2023\/10\/WhatsApp-Image-2023-10-10-at-12.01.31-3-768x1366.jpeg 768w, https:\/\/repos.turkuaz-grup.com\/tr\/wp-content\/uploads\/sites\/4\/2023\/10\/WhatsApp-Image-2023-10-10-at-12.01.31-3-864x1536.jpeg 864w, https:\/\/repos.turkuaz-grup.com\/tr\/wp-content\/uploads\/sites\/4\/2023\/10\/WhatsApp-Image-2023-10-10-at-12.01.31-3-34x60.jpeg 34w, https:\/\/repos.turkuaz-grup.com\/tr\/wp-content\/uploads\/sites\/4\/2023\/10\/WhatsApp-Image-2023-10-10-at-12.01.31-3.jpeg 899w\" sizes=\"(max-width: 576px) 100vw, 576px\" \/><\/figure>\n<\/figure>\n\n\n\n<div style=\"height:60px\" aria-hidden=\"true\" class=\"wp-block-spacer\"><\/div>\n\n\n<div class=\"wp-block-image\">\n<figure class=\"aligncenter size-full is-resized\"><a href=\"https:\/\/play.google.com\/store\/apps\/details?id=com.repos\"><img loading=\"lazy\" src=\"http:\/\/marketpos.turkuaz-grup.com\/tr\/wp-content\/uploads\/sites\/2\/2020\/06\/google-play-badge-300x116-1.png\" alt=\"\" class=\"wp-image-79\" width=\"300\" height=\"116\"\/><\/a><figcaption><strong>\u00dccretsiz Deneyin<\/strong><\/figcaption><\/figure><\/div>\n\n\n<div style=\"height:131px\" aria-hidden=\"true\" class=\"wp-block-spacer\"><\/div>\n\n\n\n<p>\u0130lgili Sayfalar:<\/p>\n\n\n\n<p><a href=\"https:\/\/repos.turkuaz-grup.com\/tr\/repos-yardim-merkezi\/sorun-oneri-nasil-bildirilir\/\">Sorun\/\u00d6neri nas\u0131l bildirilir?<\/a><\/p>\n","protected":false},"excerpt":{"rendered":"<p>RePOS uygulamas\u0131nda Canl\u0131 Destek men\u00fcs\u00fc uygulama hakk\u0131nda deneyimli m\u00fc\u015fteri temsilcilerimize &hellip; <\/p>\n","protected":false},"author":1,"featured_media":0,"parent":1871,"menu_order":0,"comment_status":"closed","ping_status":"closed","template":"","meta":[],"_links":{"self":[{"href":"https:\/\/repos.turkuaz-grup.com\/tr\/wp-json\/wp\/v2\/pages\/2609"}],"collection":[{"href":"https:\/\/repos.turkuaz-grup.com\/tr\/wp-json\/wp\/v2\/pages"}],"about":[{"href":"https:\/\/repos.turkuaz-grup.com\/tr\/wp-json\/wp\/v2\/types\/page"}],"author":[{"embeddable":true,"href":"https:\/\/repos.turkuaz-grup.com\/tr\/wp-json\/wp\/v2\/users\/1"}],"replies":[{"embeddable":true,"href":"https:\/\/repos.turkuaz-grup.com\/tr\/wp-json\/wp\/v2\/comments?post=2609"}],"version-history":[{"count":4,"href":"https:\/\/repos.turkuaz-grup.com\/tr\/wp-json\/wp\/v2\/pages\/2609\/revisions"}],"predecessor-version":[{"id":2955,"href":"https:\/\/repos.turkuaz-grup.com\/tr\/wp-json\/wp\/v2\/pages\/2609\/revisions\/2955"}],"up":[{"embeddable":true,"href":"https:\/\/repos.turkuaz-grup.com\/tr\/wp-json\/wp\/v2\/pages\/1871"}],"wp:attachment":[{"href":"https:\/\/repos.turkuaz-grup.com\/tr\/wp-json\/wp\/v2\/media?parent=2609"}],"curies":[{"name":"wp","href":"https:\/\/api.w.org\/{rel}","templated":true}]}}