{"id":2746,"date":"2023-10-03T08:24:00","date_gmt":"2023-10-03T08:24:00","guid":{"rendered":"https:\/\/repos.turkuaz-grup.com\/tr\/?page_id=2746"},"modified":"2023-11-09T08:02:59","modified_gmt":"2023-11-09T08:02:59","slug":"urun-nasil-silinir","status":"publish","type":"page","link":"https:\/\/repos.turkuaz-grup.com\/tr\/repos-yardim-merkezi\/urun-nasil-silinir\/","title":{"rendered":"\u00dcr\u00fcn nas\u0131l silinir?"},"content":{"rendered":"\n<p>Repos, i\u015fletmelerin sat\u0131\u015flar\u0131n\u0131 kolayca y\u00f6netmeleri ve envanterlerini izlemeleri i\u00e7in geli\u015ftirilmi\u015f, kullan\u0131c\u0131 dostu bir POS (Nokta Sat\u0131\u015f) ve stok y\u00f6netimi uygulamas\u0131d\u0131r. Repos sayesinde i\u015fletmeniz daha verimli, d\u00fczenli ve karl\u0131 hale gelecek. \u0130\u015fte Repos&#8217;un sundu\u011fu temel \u00f6zelliklerden \u00fcr\u00fcn silme i\u015flemi i\u00e7in nas\u0131l ad\u0131m at\u0131laca\u011f\u0131:<\/p>\n\n\n\n<p><strong>Repos&#8217;un Temel \u00d6zellikleri:<\/strong><\/p>\n\n\n\n<ol><li><strong>\u00dcr\u00fcn ve Stok Y\u00f6netimi:<\/strong> Repros ile \u00fcr\u00fcnlerinizi eklemek, d\u00fczenlemek ve stoklar\u0131n\u0131z\u0131 takip etmek \u00e7ok kolay. \u00dcr\u00fcn ad\u0131, fiyat\u0131, stok miktar\u0131 ve di\u011fer \u00f6zellikleri h\u0131zl\u0131ca kaydedebilirsiniz.<\/li><li><strong>Kategori Olu\u015fturma:<\/strong> \u00dcr\u00fcnlerinizi kategorilere ay\u0131rarak daha d\u00fczenli bir envanter olu\u015fturabilirsiniz. \u00d6rne\u011fin, g\u0131da \u00fcr\u00fcnleri, giyim veya elektronik gibi kategoriler olu\u015fturabilirsiniz.<\/li><li><strong>H\u0131zl\u0131 Sat\u0131\u015f \u0130\u015flemi:<\/strong> M\u00fc\u015fteri sipari\u015flerini h\u0131zl\u0131ca alabilir ve faturalar\u0131n\u0131 olu\u015fturabilirsiniz. Barkod tarama \u00f6zelli\u011fi ile i\u015flemlerinizi daha da h\u0131zland\u0131rabilirsiniz.<\/li><li><strong>\u00d6deme Se\u00e7enekleri:<\/strong> Kredi kart\u0131, nakit veya di\u011fer \u00f6deme y\u00f6ntemlerini kabul edebilirsiniz. \u0130ndirimler ve promosyonlar ekleyebilirsiniz.<\/li><li><strong>M\u00fc\u015fteri Y\u00f6netimi:<\/strong> M\u00fc\u015fteri bilgilerini kaydedebilir, m\u00fc\u015fteri ili\u015fkilerinizi g\u00fc\u00e7lendirebilir ve sadakat programlar\u0131 olu\u015fturabilirsiniz.<\/li><\/ol>\n\n\n\n<p><strong>\u00dcr\u00fcn ve Kategori Silme:<\/strong><\/p>\n\n\n\n<p>Repos, \u00fcr\u00fcn silme i\u015flemini basit ve h\u0131zl\u0131 bir \u015fekilde yapman\u0131za olanak tan\u0131r. \u0130\u015fte ad\u0131m ad\u0131m nas\u0131l yap\u0131laca\u011f\u0131:<\/p>\n\n\n\n<p><strong>\u00dcr\u00fcn Silme:<\/strong><\/p>\n\n\n\n<p>1- Sistem Y\u00f6neticisi olarak giri\u015f yap\u0131n. Sol \u00fcstteki \u00fc\u00e7 \u00e7izgiye dokunun. A\u00e7\u0131lan s\u00fcrg\u00fcl\u00fc men\u00fcdeki \u00dcr\u00fcn Y\u00f6netimi sekmesine giri\u015f yap\u0131n.<\/p>\n\n\n\n<figure class=\"wp-container-2 wp-block-gallery-1 wp-block-gallery has-nested-images columns-default is-cropped\">\n<figure class=\"wp-block-image size-large\"><img loading=\"lazy\" width=\"576\" height=\"1024\" data-id=\"2748\"  src=\"https:\/\/repos.turkuaz-grup.com\/tr\/wp-content\/uploads\/sites\/4\/2023\/10\/WhatsApp-Image-2023-10-03-at-11.13.11-576x1024.jpeg\" alt=\"\" class=\"wp-image-2748\" srcset=\"https:\/\/repos.turkuaz-grup.com\/tr\/wp-content\/uploads\/sites\/4\/2023\/10\/WhatsApp-Image-2023-10-03-at-11.13.11-576x1024.jpeg 576w, https:\/\/repos.turkuaz-grup.com\/tr\/wp-content\/uploads\/sites\/4\/2023\/10\/WhatsApp-Image-2023-10-03-at-11.13.11-169x300.jpeg 169w, https:\/\/repos.turkuaz-grup.com\/tr\/wp-content\/uploads\/sites\/4\/2023\/10\/WhatsApp-Image-2023-10-03-at-11.13.11-768x1365.jpeg 768w, https:\/\/repos.turkuaz-grup.com\/tr\/wp-content\/uploads\/sites\/4\/2023\/10\/WhatsApp-Image-2023-10-03-at-11.13.11-864x1536.jpeg 864w, https:\/\/repos.turkuaz-grup.com\/tr\/wp-content\/uploads\/sites\/4\/2023\/10\/WhatsApp-Image-2023-10-03-at-11.13.11-34x60.jpeg 34w, https:\/\/repos.turkuaz-grup.com\/tr\/wp-content\/uploads\/sites\/4\/2023\/10\/WhatsApp-Image-2023-10-03-at-11.13.11.jpeg 1080w\" sizes=\"(max-width: 576px) 100vw, 576px\" \/><\/figure>\n\n\n\n<figure class=\"wp-block-image size-large\"><img loading=\"lazy\" width=\"576\" height=\"1024\" data-id=\"2747\"  src=\"https:\/\/repos.turkuaz-grup.com\/tr\/wp-content\/uploads\/sites\/4\/2023\/10\/WhatsApp-Image-2023-10-03-at-11.13.11-1-576x1024.jpeg\" alt=\"\" class=\"wp-image-2747\" srcset=\"https:\/\/repos.turkuaz-grup.com\/tr\/wp-content\/uploads\/sites\/4\/2023\/10\/WhatsApp-Image-2023-10-03-at-11.13.11-1-576x1024.jpeg 576w, https:\/\/repos.turkuaz-grup.com\/tr\/wp-content\/uploads\/sites\/4\/2023\/10\/WhatsApp-Image-2023-10-03-at-11.13.11-1-169x300.jpeg 169w, https:\/\/repos.turkuaz-grup.com\/tr\/wp-content\/uploads\/sites\/4\/2023\/10\/WhatsApp-Image-2023-10-03-at-11.13.11-1-768x1366.jpeg 768w, https:\/\/repos.turkuaz-grup.com\/tr\/wp-content\/uploads\/sites\/4\/2023\/10\/WhatsApp-Image-2023-10-03-at-11.13.11-1-864x1536.jpeg 864w, https:\/\/repos.turkuaz-grup.com\/tr\/wp-content\/uploads\/sites\/4\/2023\/10\/WhatsApp-Image-2023-10-03-at-11.13.11-1-34x60.jpeg 34w, https:\/\/repos.turkuaz-grup.com\/tr\/wp-content\/uploads\/sites\/4\/2023\/10\/WhatsApp-Image-2023-10-03-at-11.13.11-1.jpeg 899w\" sizes=\"(max-width: 576px) 100vw, 576px\" \/><\/figure>\n<\/figure>\n\n\n\n<figure class=\"wp-container-4 wp-block-gallery-3 wp-block-gallery has-nested-images columns-default is-cropped\">\n<figure class=\"wp-block-image size-large\"><img loading=\"lazy\" width=\"576\" height=\"1024\" data-id=\"2749\"  src=\"https:\/\/repos.turkuaz-grup.com\/tr\/wp-content\/uploads\/sites\/4\/2023\/10\/WhatsApp-Image-2023-10-03-at-11.13.11-2-576x1024.jpeg\" alt=\"\" class=\"wp-image-2749\" srcset=\"https:\/\/repos.turkuaz-grup.com\/tr\/wp-content\/uploads\/sites\/4\/2023\/10\/WhatsApp-Image-2023-10-03-at-11.13.11-2-576x1024.jpeg 576w, https:\/\/repos.turkuaz-grup.com\/tr\/wp-content\/uploads\/sites\/4\/2023\/10\/WhatsApp-Image-2023-10-03-at-11.13.11-2-169x300.jpeg 169w, https:\/\/repos.turkuaz-grup.com\/tr\/wp-content\/uploads\/sites\/4\/2023\/10\/WhatsApp-Image-2023-10-03-at-11.13.11-2-768x1366.jpeg 768w, https:\/\/repos.turkuaz-grup.com\/tr\/wp-content\/uploads\/sites\/4\/2023\/10\/WhatsApp-Image-2023-10-03-at-11.13.11-2-864x1536.jpeg 864w, https:\/\/repos.turkuaz-grup.com\/tr\/wp-content\/uploads\/sites\/4\/2023\/10\/WhatsApp-Image-2023-10-03-at-11.13.11-2-34x60.jpeg 34w, https:\/\/repos.turkuaz-grup.com\/tr\/wp-content\/uploads\/sites\/4\/2023\/10\/WhatsApp-Image-2023-10-03-at-11.13.11-2.jpeg 899w\" sizes=\"(max-width: 576px) 100vw, 576px\" \/><\/figure>\n<\/figure>\n\n\n\n<div style=\"height:59px\" aria-hidden=\"true\" class=\"wp-block-spacer\"><\/div>\n\n\n\n<p>2- Silmek istedi\u011finiz \u00fcr\u00fcn\u00fc se\u00e7in. D\u00fczenle butonuna dokunun.<\/p>\n\n\n\n<figure class=\"wp-container-6 wp-block-gallery-5 wp-block-gallery has-nested-images columns-default is-cropped\">\n<figure class=\"wp-block-image size-large\"><img loading=\"lazy\" width=\"576\" height=\"1024\" data-id=\"2750\"  src=\"https:\/\/repos.turkuaz-grup.com\/tr\/wp-content\/uploads\/sites\/4\/2023\/10\/WhatsApp-Image-2023-10-03-at-11.13.11-3-576x1024.jpeg\" alt=\"\" class=\"wp-image-2750\" srcset=\"https:\/\/repos.turkuaz-grup.com\/tr\/wp-content\/uploads\/sites\/4\/2023\/10\/WhatsApp-Image-2023-10-03-at-11.13.11-3-576x1024.jpeg 576w, https:\/\/repos.turkuaz-grup.com\/tr\/wp-content\/uploads\/sites\/4\/2023\/10\/WhatsApp-Image-2023-10-03-at-11.13.11-3-169x300.jpeg 169w, https:\/\/repos.turkuaz-grup.com\/tr\/wp-content\/uploads\/sites\/4\/2023\/10\/WhatsApp-Image-2023-10-03-at-11.13.11-3-768x1365.jpeg 768w, https:\/\/repos.turkuaz-grup.com\/tr\/wp-content\/uploads\/sites\/4\/2023\/10\/WhatsApp-Image-2023-10-03-at-11.13.11-3-864x1536.jpeg 864w, https:\/\/repos.turkuaz-grup.com\/tr\/wp-content\/uploads\/sites\/4\/2023\/10\/WhatsApp-Image-2023-10-03-at-11.13.11-3-34x60.jpeg 34w, https:\/\/repos.turkuaz-grup.com\/tr\/wp-content\/uploads\/sites\/4\/2023\/10\/WhatsApp-Image-2023-10-03-at-11.13.11-3.jpeg 1080w\" sizes=\"(max-width: 576px) 100vw, 576px\" \/><\/figure>\n<\/figure>\n\n\n\n<div style=\"height:59px\" aria-hidden=\"true\" class=\"wp-block-spacer\"><\/div>\n\n\n\n<p>3- Sil butonuna dokunun. \u0130\u015fleme onay verin ve i\u015flemi tamamlay\u0131n.<\/p>\n\n\n\n<figure class=\"wp-container-8 wp-block-gallery-7 wp-block-gallery has-nested-images columns-default is-cropped\">\n<figure class=\"wp-block-image size-large\"><img loading=\"lazy\" width=\"576\" height=\"1024\" data-id=\"2751\"  src=\"https:\/\/repos.turkuaz-grup.com\/tr\/wp-content\/uploads\/sites\/4\/2023\/10\/WhatsApp-Image-2023-10-03-at-11.13.10-576x1024.jpeg\" alt=\"\" class=\"wp-image-2751\" srcset=\"https:\/\/repos.turkuaz-grup.com\/tr\/wp-content\/uploads\/sites\/4\/2023\/10\/WhatsApp-Image-2023-10-03-at-11.13.10-576x1024.jpeg 576w, https:\/\/repos.turkuaz-grup.com\/tr\/wp-content\/uploads\/sites\/4\/2023\/10\/WhatsApp-Image-2023-10-03-at-11.13.10-169x300.jpeg 169w, https:\/\/repos.turkuaz-grup.com\/tr\/wp-content\/uploads\/sites\/4\/2023\/10\/WhatsApp-Image-2023-10-03-at-11.13.10-768x1365.jpeg 768w, https:\/\/repos.turkuaz-grup.com\/tr\/wp-content\/uploads\/sites\/4\/2023\/10\/WhatsApp-Image-2023-10-03-at-11.13.10-864x1536.jpeg 864w, https:\/\/repos.turkuaz-grup.com\/tr\/wp-content\/uploads\/sites\/4\/2023\/10\/WhatsApp-Image-2023-10-03-at-11.13.10-34x60.jpeg 34w, https:\/\/repos.turkuaz-grup.com\/tr\/wp-content\/uploads\/sites\/4\/2023\/10\/WhatsApp-Image-2023-10-03-at-11.13.10.jpeg 1080w\" sizes=\"(max-width: 576px) 100vw, 576px\" \/><\/figure>\n\n\n\n<figure class=\"wp-block-image size-large\"><img loading=\"lazy\" width=\"576\" height=\"1024\" data-id=\"2752\"  src=\"https:\/\/repos.turkuaz-grup.com\/tr\/wp-content\/uploads\/sites\/4\/2023\/10\/WhatsApp-Image-2023-10-03-at-11.13.10-1-576x1024.jpeg\" alt=\"\" class=\"wp-image-2752\" srcset=\"https:\/\/repos.turkuaz-grup.com\/tr\/wp-content\/uploads\/sites\/4\/2023\/10\/WhatsApp-Image-2023-10-03-at-11.13.10-1-576x1024.jpeg 576w, https:\/\/repos.turkuaz-grup.com\/tr\/wp-content\/uploads\/sites\/4\/2023\/10\/WhatsApp-Image-2023-10-03-at-11.13.10-1-169x300.jpeg 169w, https:\/\/repos.turkuaz-grup.com\/tr\/wp-content\/uploads\/sites\/4\/2023\/10\/WhatsApp-Image-2023-10-03-at-11.13.10-1-768x1366.jpeg 768w, https:\/\/repos.turkuaz-grup.com\/tr\/wp-content\/uploads\/sites\/4\/2023\/10\/WhatsApp-Image-2023-10-03-at-11.13.10-1-864x1536.jpeg 864w, https:\/\/repos.turkuaz-grup.com\/tr\/wp-content\/uploads\/sites\/4\/2023\/10\/WhatsApp-Image-2023-10-03-at-11.13.10-1-34x60.jpeg 34w, https:\/\/repos.turkuaz-grup.com\/tr\/wp-content\/uploads\/sites\/4\/2023\/10\/WhatsApp-Image-2023-10-03-at-11.13.10-1.jpeg 899w\" sizes=\"(max-width: 576px) 100vw, 576px\" \/><\/figure>\n<\/figure>\n\n\n\n<div style=\"height:59px\" aria-hidden=\"true\" class=\"wp-block-spacer\"><\/div>\n\n\n\n<p>Repos, i\u015fletmenizin sat\u0131\u015flar\u0131n\u0131 d\u00fczenlemenize ve envanterinizi etkin bir \u015fekilde y\u00f6netmenize yard\u0131mc\u0131 olan g\u00fc\u00e7l\u00fc bir ara\u00e7t\u0131r. \u00dcr\u00fcn ve kategori y\u00f6netimi ile i\u015fletmenizi daha verimli hale getirmeye ba\u015flamak i\u00e7in Repros&#8217;u hemen deneyin.<\/p>\n\n\n\n<div class=\"wp-container-9 wp-block-group\"><div class=\"wp-block-group__inner-container\"><div class=\"wp-block-image\">\n<figure class=\"aligncenter size-full\"><a href=\"https:\/\/play.google.com\/store\/apps\/details?id=com.repos\"><img src=\"http:\/\/marketpos.turkuaz-grup.com\/tr\/wp-content\/uploads\/sites\/2\/2020\/06\/google-play-badge-300x116-1.png\" alt=\"\" class=\"wp-image-79\"\/><\/a><figcaption><strong>\u00dccretsiz Deneyin<\/strong><\/figcaption><\/figure><\/div>\n\n\n<p><strong>\u0130lgili sayfalar<\/strong>;<\/p>\n\n\n\n<p><a href=\"https:\/\/repos.turkuaz-grup.com\/tr\/repos-yardim-merkezi\/urun-nasil-eklenir\/\">\u00dcr\u00fcn nas\u0131l eklenir?<\/a><\/p>\n\n\n\n<p><a href=\"https:\/\/repos.turkuaz-grup.com\/tr\/repos-yardim-merkezi\/urun-icerigi-nasil-tanimlanir-ve-sipariste-kullanilir\/\" data-type=\"page\" data-id=\"2221\">\u00dcr\u00fcn i\u00e7eri\u011fi nas\u0131l tan\u0131mlan\u0131r ve \u00fcr\u00fcn \u00f6zelli\u011fi sipari\u015fte nas\u0131l kullan\u0131l\u0131r?<\/a><\/p>\n\n\n\n<p><a href=\"https:\/\/repos.turkuaz-grup.com\/tr\/repos-yardim-merkezi\/urun-nasil-silinir\/\" data-type=\"page\" data-id=\"2746\">\u00dcr\u00fcn nas\u0131l silinir?<\/a><\/p>\n\n\n\n<p><a href=\"https:\/\/repos.turkuaz-grup.com\/tr\/repos-yardim-merkezi\/kategori-nasil-silinir\/\" data-type=\"page\" data-id=\"3035\">Kategori nas\u0131l silinir?<\/a><\/p>\n\n\n\n<p><a href=\"https:\/\/repos.turkuaz-grup.com\/tr\/repos-yardim-merkezi\/urunlerinizden-menu-nasil-olusturulur\/\" data-type=\"page\" data-id=\"2213\">Men\u00fc nas\u0131l eklenir?<\/a><\/p>\n\n\n\n<p><a href=\"https:\/\/repos.turkuaz-grup.com\/tr\/repos-yardim-merkezi\/urunlerinizden-menu-nasil-olusturulur\/\" data-type=\"page\" data-id=\"2213\">\u00dcr\u00fcnlerinizden Men\u00fc nas\u0131l olu\u015fturulur?<\/a><\/p>\n<\/div><\/div>\n","protected":false},"excerpt":{"rendered":"<p>Repos, i\u015fletmelerin sat\u0131\u015flar\u0131n\u0131 kolayca y\u00f6netmeleri ve envanterlerini izlemeleri i\u00e7in geli\u015ftirilmi\u015f, &hellip; <\/p>\n","protected":false},"author":1,"featured_media":0,"parent":1871,"menu_order":0,"comment_status":"closed","ping_status":"closed","template":"","meta":[],"_links":{"self":[{"href":"https:\/\/repos.turkuaz-grup.com\/tr\/wp-json\/wp\/v2\/pages\/2746"}],"collection":[{"href":"https:\/\/repos.turkuaz-grup.com\/tr\/wp-json\/wp\/v2\/pages"}],"about":[{"href":"https:\/\/repos.turkuaz-grup.com\/tr\/wp-json\/wp\/v2\/types\/page"}],"author":[{"embeddable":true,"href":"https:\/\/repos.turkuaz-grup.com\/tr\/wp-json\/wp\/v2\/users\/1"}],"replies":[{"embeddable":true,"href":"https:\/\/repos.turkuaz-grup.com\/tr\/wp-json\/wp\/v2\/comments?post=2746"}],"version-history":[{"count":6,"href":"https:\/\/repos.turkuaz-grup.com\/tr\/wp-json\/wp\/v2\/pages\/2746\/revisions"}],"predecessor-version":[{"id":3049,"href":"https:\/\/repos.turkuaz-grup.com\/tr\/wp-json\/wp\/v2\/pages\/2746\/revisions\/3049"}],"up":[{"embeddable":true,"href":"https:\/\/repos.turkuaz-grup.com\/tr\/wp-json\/wp\/v2\/pages\/1871"}],"wp:attachment":[{"href":"https:\/\/repos.turkuaz-grup.com\/tr\/wp-json\/wp\/v2\/media?parent=2746"}],"curies":[{"name":"wp","href":"https:\/\/api.w.org\/{rel}","templated":true}]}}