{"id":2849,"date":"2023-10-12T07:48:56","date_gmt":"2023-10-12T07:48:56","guid":{"rendered":"https:\/\/repos.turkuaz-grup.com\/tr\/?page_id=2849"},"modified":"2023-11-27T19:02:55","modified_gmt":"2023-11-27T19:02:55","slug":"garson-yetkileri-nasil-yonetilir","status":"publish","type":"page","link":"https:\/\/repos.turkuaz-grup.com\/tr\/repos-yardim-merkezi\/garson-yetkileri-nasil-yonetilir\/","title":{"rendered":"Garson Yetkileri Nas\u0131l Y\u00f6netilir?"},"content":{"rendered":"\n<p>Bu sayfada garsonun hangi yetkilere sahip olaca\u011f\u0131 a\u00e7\u0131klanacakt\u0131r.<\/p>\n\n\n\n<p>ADIMLAR:<\/p>\n\n\n\n<p>1- RePOS uygulamas\u0131na &#8220;S\u0130STEM Y\u00d6NET\u0130C\u0130S\u0130&#8221; kullan\u0131c\u0131s\u0131yla giri\u015f yap\u0131n.<\/p>\n\n\n<div class=\"wp-block-image\">\n<figure class=\"aligncenter size-large\"><img loading=\"lazy\" width=\"576\" height=\"1024\" src=\"https:\/\/repos.turkuaz-grup.com\/tr\/wp-content\/uploads\/sites\/4\/2023\/10\/WhatsApp-Image-2023-10-10-at-12.42.42-5-576x1024.jpeg\" alt=\"\" class=\"wp-image-2850\" srcset=\"https:\/\/repos.turkuaz-grup.com\/tr\/wp-content\/uploads\/sites\/4\/2023\/10\/WhatsApp-Image-2023-10-10-at-12.42.42-5-576x1024.jpeg 576w, https:\/\/repos.turkuaz-grup.com\/tr\/wp-content\/uploads\/sites\/4\/2023\/10\/WhatsApp-Image-2023-10-10-at-12.42.42-5-169x300.jpeg 169w, https:\/\/repos.turkuaz-grup.com\/tr\/wp-content\/uploads\/sites\/4\/2023\/10\/WhatsApp-Image-2023-10-10-at-12.42.42-5-768x1365.jpeg 768w, https:\/\/repos.turkuaz-grup.com\/tr\/wp-content\/uploads\/sites\/4\/2023\/10\/WhatsApp-Image-2023-10-10-at-12.42.42-5-864x1536.jpeg 864w, https:\/\/repos.turkuaz-grup.com\/tr\/wp-content\/uploads\/sites\/4\/2023\/10\/WhatsApp-Image-2023-10-10-at-12.42.42-5-34x60.jpeg 34w, https:\/\/repos.turkuaz-grup.com\/tr\/wp-content\/uploads\/sites\/4\/2023\/10\/WhatsApp-Image-2023-10-10-at-12.42.42-5.jpeg 1080w\" sizes=\"(max-width: 576px) 100vw, 576px\" \/><\/figure><\/div>\n\n\n<p>2- Daha sonra sol \u00fcstte \u00e7izgili k\u0131s\u0131mdan Y\u00f6netim Men\u00fcs\u00fc&#8217;ne girerek Y\u00f6netici Ayarlar\u0131 k\u0131sm\u0131na eri\u015finiz. Y\u00d6NET\u0130M MEN\u00dcLER\u0130&#8217;ne ve ard\u0131ndan Kullan\u0131c\u0131 Y\u00f6netimi&#8217;ne t\u0131klay\u0131n.<\/p>\n\n\n\n<div class=\"wp-container-3 wp-block-group\"><div class=\"wp-block-group__inner-container\">\n<figure class=\"wp-container-2 wp-block-gallery-1 wp-block-gallery has-nested-images columns-default is-cropped\">\n<figure class=\"wp-block-image size-large\"><img loading=\"lazy\" width=\"576\" height=\"1024\" src=\"https:\/\/repos.turkuaz-grup.com\/tr\/wp-content\/uploads\/sites\/4\/2023\/10\/WhatsApp-Image-2023-10-12-at-10.47.16-576x1024.jpeg\" alt=\"\" class=\"wp-image-2853\" srcset=\"https:\/\/repos.turkuaz-grup.com\/tr\/wp-content\/uploads\/sites\/4\/2023\/10\/WhatsApp-Image-2023-10-12-at-10.47.16-576x1024.jpeg 576w, https:\/\/repos.turkuaz-grup.com\/tr\/wp-content\/uploads\/sites\/4\/2023\/10\/WhatsApp-Image-2023-10-12-at-10.47.16-169x300.jpeg 169w, https:\/\/repos.turkuaz-grup.com\/tr\/wp-content\/uploads\/sites\/4\/2023\/10\/WhatsApp-Image-2023-10-12-at-10.47.16-768x1366.jpeg 768w, https:\/\/repos.turkuaz-grup.com\/tr\/wp-content\/uploads\/sites\/4\/2023\/10\/WhatsApp-Image-2023-10-12-at-10.47.16-864x1536.jpeg 864w, https:\/\/repos.turkuaz-grup.com\/tr\/wp-content\/uploads\/sites\/4\/2023\/10\/WhatsApp-Image-2023-10-12-at-10.47.16-34x60.jpeg 34w, https:\/\/repos.turkuaz-grup.com\/tr\/wp-content\/uploads\/sites\/4\/2023\/10\/WhatsApp-Image-2023-10-12-at-10.47.16.jpeg 899w\" sizes=\"(max-width: 576px) 100vw, 576px\" \/><\/figure>\n\n\n\n<figure class=\"wp-block-image size-large\"><img loading=\"lazy\" width=\"576\" height=\"1024\" src=\"https:\/\/repos.turkuaz-grup.com\/tr\/wp-content\/uploads\/sites\/4\/2023\/10\/WhatsApp-Image-2023-10-12-at-10.47.16-1-576x1024.jpeg\" alt=\"\" class=\"wp-image-2852\" srcset=\"https:\/\/repos.turkuaz-grup.com\/tr\/wp-content\/uploads\/sites\/4\/2023\/10\/WhatsApp-Image-2023-10-12-at-10.47.16-1-576x1024.jpeg 576w, https:\/\/repos.turkuaz-grup.com\/tr\/wp-content\/uploads\/sites\/4\/2023\/10\/WhatsApp-Image-2023-10-12-at-10.47.16-1-169x300.jpeg 169w, https:\/\/repos.turkuaz-grup.com\/tr\/wp-content\/uploads\/sites\/4\/2023\/10\/WhatsApp-Image-2023-10-12-at-10.47.16-1-768x1366.jpeg 768w, https:\/\/repos.turkuaz-grup.com\/tr\/wp-content\/uploads\/sites\/4\/2023\/10\/WhatsApp-Image-2023-10-12-at-10.47.16-1-864x1536.jpeg 864w, https:\/\/repos.turkuaz-grup.com\/tr\/wp-content\/uploads\/sites\/4\/2023\/10\/WhatsApp-Image-2023-10-12-at-10.47.16-1-34x60.jpeg 34w, https:\/\/repos.turkuaz-grup.com\/tr\/wp-content\/uploads\/sites\/4\/2023\/10\/WhatsApp-Image-2023-10-12-at-10.47.16-1.jpeg 899w\" sizes=\"(max-width: 576px) 100vw, 576px\" \/><\/figure>\n<\/figure>\n<\/div><\/div>\n\n\n\n<p>3- Kullan\u0131c\u0131 kategorilerinden Garson B\u00f6l\u00fcm\u00fcne giri\u015f yap\u0131n. Ayr\u0131cal\u0131klar\u0131n\u0131 d\u00fczenlemek istedi\u011finiz Garson Kullan\u0131c\u0131ya dokunun.<\/p>\n\n\n<div class=\"wp-block-image\">\n<figure class=\"aligncenter size-large\"><img loading=\"lazy\" width=\"576\" height=\"1024\" src=\"https:\/\/repos.turkuaz-grup.com\/tr\/wp-content\/uploads\/sites\/4\/2023\/10\/WhatsApp-Image-2023-10-12-at-10.47.16-2-576x1024.jpeg\" alt=\"\" class=\"wp-image-2854\" srcset=\"https:\/\/repos.turkuaz-grup.com\/tr\/wp-content\/uploads\/sites\/4\/2023\/10\/WhatsApp-Image-2023-10-12-at-10.47.16-2-576x1024.jpeg 576w, https:\/\/repos.turkuaz-grup.com\/tr\/wp-content\/uploads\/sites\/4\/2023\/10\/WhatsApp-Image-2023-10-12-at-10.47.16-2-169x300.jpeg 169w, https:\/\/repos.turkuaz-grup.com\/tr\/wp-content\/uploads\/sites\/4\/2023\/10\/WhatsApp-Image-2023-10-12-at-10.47.16-2-768x1366.jpeg 768w, https:\/\/repos.turkuaz-grup.com\/tr\/wp-content\/uploads\/sites\/4\/2023\/10\/WhatsApp-Image-2023-10-12-at-10.47.16-2-864x1536.jpeg 864w, https:\/\/repos.turkuaz-grup.com\/tr\/wp-content\/uploads\/sites\/4\/2023\/10\/WhatsApp-Image-2023-10-12-at-10.47.16-2-34x60.jpeg 34w, https:\/\/repos.turkuaz-grup.com\/tr\/wp-content\/uploads\/sites\/4\/2023\/10\/WhatsApp-Image-2023-10-12-at-10.47.16-2.jpeg 899w\" sizes=\"(max-width: 576px) 100vw, 576px\" \/><\/figure><\/div>\n\n\n<p>4- Garson kullan\u0131c\u0131 d\u00fczenleme ekran\u0131nda Garson Yetkilerini D\u00fczenle butonuna dokunun. Yetki d\u00fczenleme ekran\u0131nda garsona hangi izinleri verip vermeyece\u011finizi belirleyin. \u0130\u015flemin sonunda Tamam butonuna dokunun.<\/p>\n\n\n\n<div class=\"wp-container-6 wp-block-group\"><div class=\"wp-block-group__inner-container\">\n<figure class=\"wp-container-5 wp-block-gallery-4 wp-block-gallery has-nested-images columns-default is-cropped\">\n<figure class=\"wp-block-image size-large\"><img loading=\"lazy\" width=\"576\" height=\"1024\" src=\"https:\/\/repos.turkuaz-grup.com\/tr\/wp-content\/uploads\/sites\/4\/2023\/10\/WhatsApp-Image-2023-10-12-at-10.47.15-576x1024.jpeg\" alt=\"\" class=\"wp-image-2856\" srcset=\"https:\/\/repos.turkuaz-grup.com\/tr\/wp-content\/uploads\/sites\/4\/2023\/10\/WhatsApp-Image-2023-10-12-at-10.47.15-576x1024.jpeg 576w, https:\/\/repos.turkuaz-grup.com\/tr\/wp-content\/uploads\/sites\/4\/2023\/10\/WhatsApp-Image-2023-10-12-at-10.47.15-169x300.jpeg 169w, https:\/\/repos.turkuaz-grup.com\/tr\/wp-content\/uploads\/sites\/4\/2023\/10\/WhatsApp-Image-2023-10-12-at-10.47.15-768x1366.jpeg 768w, https:\/\/repos.turkuaz-grup.com\/tr\/wp-content\/uploads\/sites\/4\/2023\/10\/WhatsApp-Image-2023-10-12-at-10.47.15-864x1536.jpeg 864w, https:\/\/repos.turkuaz-grup.com\/tr\/wp-content\/uploads\/sites\/4\/2023\/10\/WhatsApp-Image-2023-10-12-at-10.47.15-34x60.jpeg 34w, https:\/\/repos.turkuaz-grup.com\/tr\/wp-content\/uploads\/sites\/4\/2023\/10\/WhatsApp-Image-2023-10-12-at-10.47.15.jpeg 899w\" sizes=\"(max-width: 576px) 100vw, 576px\" \/><\/figure>\n\n\n\n<figure class=\"wp-block-image size-large\"><img loading=\"lazy\" width=\"576\" height=\"1024\" src=\"https:\/\/repos.turkuaz-grup.com\/tr\/wp-content\/uploads\/sites\/4\/2023\/10\/WhatsApp-Image-2023-10-12-at-10.47.15-1-576x1024.jpeg\" alt=\"\" class=\"wp-image-2855\" srcset=\"https:\/\/repos.turkuaz-grup.com\/tr\/wp-content\/uploads\/sites\/4\/2023\/10\/WhatsApp-Image-2023-10-12-at-10.47.15-1-576x1024.jpeg 576w, https:\/\/repos.turkuaz-grup.com\/tr\/wp-content\/uploads\/sites\/4\/2023\/10\/WhatsApp-Image-2023-10-12-at-10.47.15-1-169x300.jpeg 169w, https:\/\/repos.turkuaz-grup.com\/tr\/wp-content\/uploads\/sites\/4\/2023\/10\/WhatsApp-Image-2023-10-12-at-10.47.15-1-768x1366.jpeg 768w, https:\/\/repos.turkuaz-grup.com\/tr\/wp-content\/uploads\/sites\/4\/2023\/10\/WhatsApp-Image-2023-10-12-at-10.47.15-1-864x1536.jpeg 864w, https:\/\/repos.turkuaz-grup.com\/tr\/wp-content\/uploads\/sites\/4\/2023\/10\/WhatsApp-Image-2023-10-12-at-10.47.15-1-34x60.jpeg 34w, https:\/\/repos.turkuaz-grup.com\/tr\/wp-content\/uploads\/sites\/4\/2023\/10\/WhatsApp-Image-2023-10-12-at-10.47.15-1.jpeg 899w\" sizes=\"(max-width: 576px) 100vw, 576px\" \/><\/figure>\n<\/figure>\n<\/div><\/div>\n\n\n\n<p>5- De\u011fi\u015fikliklerinizi kaydetmek i\u00e7in G\u00fcncelle D\u00fc\u011fmesine dokunun.<\/p>\n\n\n<div class=\"wp-block-image\">\n<figure class=\"aligncenter size-large\"><img loading=\"lazy\" width=\"576\" height=\"1024\" src=\"https:\/\/repos.turkuaz-grup.com\/tr\/wp-content\/uploads\/sites\/4\/2023\/10\/WhatsApp-Image-2023-10-12-at-10.47.15-2-576x1024.jpeg\" alt=\"\" class=\"wp-image-2857\" srcset=\"https:\/\/repos.turkuaz-grup.com\/tr\/wp-content\/uploads\/sites\/4\/2023\/10\/WhatsApp-Image-2023-10-12-at-10.47.15-2-576x1024.jpeg 576w, https:\/\/repos.turkuaz-grup.com\/tr\/wp-content\/uploads\/sites\/4\/2023\/10\/WhatsApp-Image-2023-10-12-at-10.47.15-2-169x300.jpeg 169w, https:\/\/repos.turkuaz-grup.com\/tr\/wp-content\/uploads\/sites\/4\/2023\/10\/WhatsApp-Image-2023-10-12-at-10.47.15-2-768x1366.jpeg 768w, https:\/\/repos.turkuaz-grup.com\/tr\/wp-content\/uploads\/sites\/4\/2023\/10\/WhatsApp-Image-2023-10-12-at-10.47.15-2-864x1536.jpeg 864w, https:\/\/repos.turkuaz-grup.com\/tr\/wp-content\/uploads\/sites\/4\/2023\/10\/WhatsApp-Image-2023-10-12-at-10.47.15-2-34x60.jpeg 34w, https:\/\/repos.turkuaz-grup.com\/tr\/wp-content\/uploads\/sites\/4\/2023\/10\/WhatsApp-Image-2023-10-12-at-10.47.15-2.jpeg 899w\" sizes=\"(max-width: 576px) 100vw, 576px\" \/><\/figure><\/div>\n\n\n<p>6- \u0130\u015flem tamamland\u0131.<\/p>\n\n\n\n<div style=\"height:50px\" aria-hidden=\"true\" class=\"wp-block-spacer\"><\/div>\n\n\n\n<h4>Garson yetkilerinin a\u00e7\u0131klamalar\u0131n\u0131 a\u015fa\u011f\u0131da bulabilirsiniz.<\/h4>\n\n\n\n<p><strong>Eski sipari\u015fler:<\/strong> Daha \u00f6nce verilen sipari\u015fleri (&#8220;Sipari\u015fler&#8221; sekmesi ) g\u00f6rme yetkisi.<\/p>\n\n\n\n<p><strong>Masa\/Sipari\u015f iptali:<\/strong> Verilen sipari\u015fi iptal etme yetkisi.<\/p>\n\n\n\n<p><strong>Masa\/Sipari\u015f de\u011fi\u015ftirme:<\/strong> Mevut bir sipari\u015fi de\u011fi\u015ftirme\/d\u00fczenleme yetkisi.<\/p>\n\n\n\n<p><strong>\u0130ndirim yetene\u011fi:<\/strong> sipari\u015f verirken indirim yapabilme yetkisi.<\/p>\n\n\n\n<p><strong>Di\u011fer kullan\u0131c\u0131lar\u0131n sipari\u015flerini g\u00f6rebilme:<\/strong> Di\u011fer garsonlar\u0131n ve kasalar\u0131n sipari\u015flerini g\u00f6rebilme yetkisi.<\/p>\n\n\n\n<p><strong>Manuel yazd\u0131rma: <\/strong>Sipari\u015f listesindeki mevcut bir sipari\u015fin detay\u0131na girildi\u011finde, ilgili sipari\u015fi yazd\u0131rabilme.<\/p>\n\n\n\n<p><strong>H\u0131zl\u0131 sipari\u015f otomatik yazd\u0131rma:<\/strong> H\u0131zl\u0131 sipari\u015f verilirken sipari\u015fler yaz\u0131c\u0131da otomatik yazd\u0131r\u0131ls\u0131n m\u0131 yazd\u0131r\u0131lmas\u0131n m\u0131 se\u00e7imi.<\/p>\n\n\n\n<p><strong>\u00c7ift bask\u0131<\/strong>: Sipari\u015f verilirken yaz\u0131c\u0131dan her bir sipari\u015f i\u00e7in 2 adet \u00e7\u0131kt\u0131 al\u0131nmas\u0131 yetene\u011fi. Bu yetene\u011fin \u00e7al\u0131\u015fmas\u0131 i\u00e7in, Kasa ve Garson yaz\u0131c\u0131 ayarlar\u0131ndaki \u00e7ift bask\u0131 izinlerinin de a\u00e7\u0131k olmas\u0131 gerekmektedir. Hangi yaz\u0131c\u0131n\u0131n \u00e7ift bask\u0131 yetene\u011fi a\u00e7\u0131k ise o yaz\u0131c\u0131dan \u00e7ift bask\u0131 al\u0131n\u0131r.<\/p>\n\n\n\n<p><strong>Do\u011frudan yazd\u0131rma<\/strong>: Garsona kendine ait yaz\u0131c\u0131 tan\u0131mlanmam\u0131\u015f olmas\u0131 durumunda sipari\u015flerin Kasa yaz\u0131c\u0131s\u0131ndan otomatik yazd\u0131r\u0131lmas\u0131 se\u00e7ene\u011fi. Bu se\u00e7enek se\u00e7ili de\u011fil ise garson sipari\u015fleri Kasa yaz\u0131c\u0131s\u0131ndan otomatik yazd\u0131r\u0131lmaz.<\/p>\n\n\n\n<p><strong>Masa sipari\u015f verildi\u011finde yazd\u0131rma:<\/strong> Masaya sipari\u015f verilip tamama bas\u0131ld\u0131\u011f\u0131nda yaz\u0131c\u0131da fi\u015f yazd\u0131rma se\u00e7ene\u011fi.<\/p>\n\n\n\n<p><strong>Masa hesap istendi\u011finde yazd\u0131rma: <\/strong>Sipari\u015f verilmi\u015f masadan hesap istendi\u011finde yaz\u0131c\u0131da fi\u015f yazd\u0131r\u0131lma se\u00e7ene\u011fi<\/p>\n\n\n\n<p><strong>Masa \u00f6deme al\u0131nd\u0131\u011f\u0131nda yazd\u0131rma:<\/strong> Hesap istenmi\u015f masadan \u00f6deme alma talebi yap\u0131ld\u0131\u011f\u0131nda yaz\u0131c\u0131da fi\u015f yazd\u0131r\u0131lma se\u00e7ene\u011fi.<\/p>\n\n\n\n<p><strong>Garson \u00f6deme alabilir<\/strong>: Garsonun masa sipari\u015finde \u00f6deme al\u0131p alamayaca\u011f\u0131 konusunda yetki verilmesi.  Garsonun h\u0131zl\u0131 sipari\u015f yetkisi varsa her zaman \u00f6deme alabilir. <\/p>\n\n\n\n<div style=\"height:177px\" aria-hidden=\"true\" class=\"wp-block-spacer\"><\/div>\n\n\n<div class=\"wp-block-image\">\n<figure class=\"aligncenter size-full is-resized\"><a href=\"https:\/\/play.google.com\/store\/apps\/details?id=com.repos\"><img loading=\"lazy\" src=\"http:\/\/marketpos.turkuaz-grup.com\/tr\/wp-content\/uploads\/sites\/2\/2020\/06\/google-play-badge-300x116-1.png\" alt=\"\" class=\"wp-image-79\" width=\"300\" height=\"116\"\/><\/a><figcaption><strong>\u00dccretsiz Deneyin<\/strong><\/figcaption><\/figure><\/div>","protected":false},"excerpt":{"rendered":"<p>Bu sayfada garsonun hangi yetkilere sahip olaca\u011f\u0131 a\u00e7\u0131klanacakt\u0131r. ADIMLAR: 1- &hellip; <\/p>\n","protected":false},"author":1,"featured_media":0,"parent":1871,"menu_order":0,"comment_status":"closed","ping_status":"closed","template":"","meta":[],"_links":{"self":[{"href":"https:\/\/repos.turkuaz-grup.com\/tr\/wp-json\/wp\/v2\/pages\/2849"}],"collection":[{"href":"https:\/\/repos.turkuaz-grup.com\/tr\/wp-json\/wp\/v2\/pages"}],"about":[{"href":"https:\/\/repos.turkuaz-grup.com\/tr\/wp-json\/wp\/v2\/types\/page"}],"author":[{"embeddable":true,"href":"https:\/\/repos.turkuaz-grup.com\/tr\/wp-json\/wp\/v2\/users\/1"}],"replies":[{"embeddable":true,"href":"https:\/\/repos.turkuaz-grup.com\/tr\/wp-json\/wp\/v2\/comments?post=2849"}],"version-history":[{"count":10,"href":"https:\/\/repos.turkuaz-grup.com\/tr\/wp-json\/wp\/v2\/pages\/2849\/revisions"}],"predecessor-version":[{"id":3075,"href":"https:\/\/repos.turkuaz-grup.com\/tr\/wp-json\/wp\/v2\/pages\/2849\/revisions\/3075"}],"up":[{"embeddable":true,"href":"https:\/\/repos.turkuaz-grup.com\/tr\/wp-json\/wp\/v2\/pages\/1871"}],"wp:attachment":[{"href":"https:\/\/repos.turkuaz-grup.com\/tr\/wp-json\/wp\/v2\/media?parent=2849"}],"curies":[{"name":"wp","href":"https:\/\/api.w.org\/{rel}","templated":true}]}}